{"id":11896,"date":"2025-08-25T09:53:14","date_gmt":"2025-08-25T07:53:14","guid":{"rendered":"https:\/\/www.atiartisticu.com\/die-urspruenge\/"},"modified":"2025-10-31T11:36:17","modified_gmt":"2025-10-31T10:36:17","slug":"die-urspruenge","status":"publish","type":"page","link":"https:\/\/www.atiartisticu.com\/de\/die-urspruenge\/","title":{"rendered":"Die Urspr\u00fcnge"},"content":{"rendered":"\t\t<div data-elementor-type=\"wp-page\" data-elementor-id=\"11896\" class=\"elementor elementor-11896 elementor-11451\">\n\t\t\t\t<div class=\"elementor-element elementor-element-4cb625a5 e-con-full e-flex parallax_section_no qode_elementor_container_no e-con e-parent\" data-id=\"4cb625a5\" data-element_type=\"container\">\n\t\t\t\t<div class=\"elementor-element elementor-element-26012237 elementor-widget elementor-widget-bridge_image_gallery\" data-id=\"26012237\" data-element_type=\"widget\" data-widget_type=\"bridge_image_gallery.default\">\n\t\t\t\t<div class=\"elementor-widget-container\">\n\t\t\t\t\t<div class=\"qode-image-gallery\"><div class=\"qode-image-gallery-inner\"><div class=\"qode-image-gallery-slides wpb_image_grid\" data-interval=\"\"data-drag=\"false\"><div class=\"gallery_holder\"><ul class=\"gallery_inner   v0\"><li class=\"no_grayscale\"><img decoding=\"async\" src=\"https:\/\/www.atiartisticu.com\/wp-content\/uploads\/2025\/05\/Casette-header-shop.jpg\" \/><\/li><\/ul><\/div><\/div><\/div><\/div>\t\t\t\t<\/div>\n\t\t\t\t<\/div>\n\t\t\t\t<\/div>\n\t\t<div class=\"elementor-element elementor-element-46f98aaa e-con-full qode_elementor_container_inner e-flex parallax_section_no e-con e-parent\" data-id=\"46f98aaa\" data-element_type=\"container\">\n\t\t\t\t<div class=\"elementor-element elementor-element-8be9df8 elementor-widget elementor-widget-heading\" data-id=\"8be9df8\" data-element_type=\"widget\" data-widget_type=\"heading.default\">\n\t\t\t\t<div class=\"elementor-widget-container\">\n\t\t\t\t\t<h2 class=\"elementor-heading-title elementor-size-default\">Atiartisticu<\/h2>\t\t\t\t<\/div>\n\t\t\t\t<\/div>\n\t\t\t\t<div class=\"elementor-element elementor-element-73d0ecc8 elementor-widget elementor-widget-text-editor\" data-id=\"73d0ecc8\" data-element_type=\"widget\" data-widget_type=\"text-editor.default\">\n\t\t\t\t<div class=\"elementor-widget-container\">\n\t\t\t\t\t\t\t\t\t<h2>DIE ENTSTEHUNG DER H\u00c4USCHEN<\/h2>\t\t\t\t\t\t\t\t<\/div>\n\t\t\t\t<\/div>\n\t\t\t\t<div class=\"elementor-element elementor-element-6c06fcec elementor-widget elementor-widget-text-editor\" data-id=\"6c06fcec\" data-element_type=\"widget\" data-widget_type=\"text-editor.default\">\n\t\t\t\t<div class=\"elementor-widget-container\">\n\t\t\t\t\t\t\t\t\t<p><em>Es war einmal<\/em>\u2026 eine Familie kreativer deutscher Goldschmiede, die im S\u00fcden einen w\u00e4rmeren und sonnigeren Ort suchte, um sich niederzulassen, neue Materialien und Inspiration zu finden. Einen geeigneten Ort zu w\u00e4hlen war nicht einfach, auch weil es eine drastische Lebensver\u00e4nderung bedeutete: eine neue Sprache zu erlernen, um zu kommunizieren und sich auszudr\u00fccken, eine neue Kultur, an die man sich anpassen musste. Der Suchprozess war nicht einfach, aber schlie\u00dflich fiel ihre Wahl auf eine Insel im Mittelmeer, Siedlungsort antiker Zivilisationen und von ergreifender nat\u00fcrlicher Sch\u00f6nheit: Sardinien.<\/p>\t\t\t\t\t\t\t\t<\/div>\n\t\t\t\t<\/div>\n\t\t\t\t<\/div>\n\t\t<div class=\"elementor-element elementor-element-7a567085 e-con-full e-flex parallax_section_no qode_elementor_container_no e-con e-parent\" data-id=\"7a567085\" data-element_type=\"container\">\n\t\t<div class=\"elementor-element elementor-element-2da1efd3 e-con-full e-flex parallax_section_no qode_elementor_container_no e-con e-child\" data-id=\"2da1efd3\" data-element_type=\"container\">\n\t\t\t\t<div class=\"elementor-element elementor-element-28ca61f5 elementor-widget elementor-widget-bridge_image_gallery\" data-id=\"28ca61f5\" data-element_type=\"widget\" data-widget_type=\"bridge_image_gallery.default\">\n\t\t\t\t<div class=\"elementor-widget-container\">\n\t\t\t\t\t<div class=\"qode-image-gallery\"><div class=\"qode-image-gallery-inner\"><div class=\"qode-image-gallery-slides wpb_image_grid\" data-interval=\"\"data-drag=\"false\"><div class=\"gallery_holder\"><ul class=\"gallery_inner   v0\"><li class=\"no_grayscale\"><img decoding=\"async\" src=\"https:\/\/www.atiartisticu.com\/wp-content\/uploads\/2025\/04\/gallery-casette-atiartisticu-9.jpg\" \/><\/li><\/ul><\/div><\/div><\/div><\/div>\t\t\t\t<\/div>\n\t\t\t\t<\/div>\n\t\t\t\t<\/div>\n\t\t<div class=\"elementor-element elementor-element-6595ca04 e-con-full e-flex parallax_section_no qode_elementor_container_no e-con e-child\" data-id=\"6595ca04\" data-element_type=\"container\" data-settings=\"{&quot;background_background&quot;:&quot;classic&quot;}\">\n\t\t\t\t<div class=\"elementor-element elementor-element-2b4495db elementor-widget__width-initial elementor-widget elementor-widget-text-editor\" data-id=\"2b4495db\" data-element_type=\"widget\" data-widget_type=\"text-editor.default\">\n\t\t\t\t<div class=\"elementor-widget-container\">\n\t\t\t\t\t\t\t\t\t<p><em>Das erste sardische Haus<\/em>, in dem sie vor\u00fcbergehend lebten, war eine typische Schilfh\u00fctte der Fischer von San Giovanni di Sinis, der erste echte und authentische Kontakt mit Sardinien, der eine tiefe Liebe zu dieser Insel ausl\u00f6ste. Die Bekanntschaft mit den Fischern von Cabras und die Reicht\u00fcmer des sardischen Meeres boten ihnen ein kostbares Material wie Koralle, das wie eine Inspirationswelle die kreative Begabung des jungen Goldschmiedepaares n\u00e4hrte. Neue Kreationen, Frucht des reichen sardischen Erbes, wurden nach Deutschland gebracht und in verschiedenen Ausstellungen gezeigt. Die Neugier und der Drang zur Erkundung des Territoriums f\u00fchrten sie dann in das kleine Dorf aus Steinh\u00e4usern Narbolia, wo sie ihr Zuhause fanden und ihre Goldschmiedewerkstatt errichteten. Sogar ein einfaches Material wie Trachit, das gerade f\u00fcr den Bau ihrer Werkstatt verwendet wurde, bot einen kreativen Ansto\u00df. Die nat\u00fcrliche Spaltung des Steins materialisierte sich sofort in der Vorstellung der beiden Goldschmiede als Dach eines Hauses. Daraus entstand die Idee, Haussilhouetten aus Trachit mit wenigen eingravierten Details als dekoratives Element zu verwenden, um einige Schmuckausstellungen in verschiedenen Ausstellungen in Deutschland zu bereichern.      <\/p>\t\t\t\t\t\t\t\t<\/div>\n\t\t\t\t<\/div>\n\t\t\t\t<\/div>\n\t\t\t\t<\/div>\n\t\t<div class=\"elementor-element elementor-element-e3a153e e-con-full e-flex parallax_section_no qode_elementor_container_no e-con e-parent\" data-id=\"e3a153e\" data-element_type=\"container\">\n\t\t<div class=\"elementor-element elementor-element-312025df e-con-full e-flex parallax_section_no qode_elementor_container_no e-con e-child\" data-id=\"312025df\" data-element_type=\"container\" data-settings=\"{&quot;background_background&quot;:&quot;classic&quot;}\">\n\t\t\t\t<div class=\"elementor-element elementor-element-627de14b elementor-widget__width-initial elementor-widget elementor-widget-text-editor\" data-id=\"627de14b\" data-element_type=\"widget\" data-widget_type=\"text-editor.default\">\n\t\t\t\t<div class=\"elementor-widget-container\">\n\t\t\t\t\t\t\t\t\t<p>Viele Besucher sch\u00e4tzten diese Gestaltung begeistert und ermutigten Rainer und Sabine, die M\u00f6glichkeiten zu vertiefen, die dieser sehr vielseitige und formbare Stein zusammen mit dem Konzept des Hauses bot. Das Experimentieren mit Schmuck mit Geb\u00e4udedetails, kleinen Fenstern mit goldenen Vorh\u00e4ngen, T\u00fcrchen, Katzen, sardischen T\u00e4nzern, verlieh den H\u00e4uschen die verzauberte und kostbare Note. Die Magie wird Wirklichkeit: aus einem \u201e<i>Haus<\/i>&#8221; (dem Trachit, der f\u00fcr den Bau der Werkstatt verwendet wurde) entstehen die \u201eH\u00e4uschen&#8221; und mit ihnen die Idee des Hauses als Symbol der Familie, als Ort des Friedens und der Liebe, zum Leben erweckt durch silberne Figuren. Die gro\u00dfe Vorstellungskraft der H\u00e4uschen, die Dorffeste, den Zusammenhalt innerhalb der Familiengemeinschaft und der Gemeinde hervorrufen, entfaltet sich und l\u00e4sst weiterhin durch die Arbeit und Kreativit\u00e4t des Sohnes Lukas tr\u00e4umen.   <\/p>\t\t\t\t\t\t\t\t<\/div>\n\t\t\t\t<\/div>\n\t\t\t\t<div class=\"elementor-element elementor-element-56bb0ee8 elementor-widget elementor-widget-bridge_button\" data-id=\"56bb0ee8\" data-element_type=\"widget\" data-widget_type=\"bridge_button.default\">\n\t\t\t\t<div class=\"elementor-widget-container\">\n\t\t\t\t\t<a  itemprop=\"url\" href=\"\/de\/shop-trachyt-haeuschen\/\" target=\"_self\" data-hover-background-color=\"#000000\" data-hover-color=\"#FFFFFF\" class=\"qbutton  default\" style=\"color: #000000; background-color:#FFFFFF;\">ZUM SHOP<\/a>\t\t\t\t<\/div>\n\t\t\t\t<\/div>\n\t\t\t\t<\/div>\n\t\t<div class=\"elementor-element elementor-element-6d70d8bf e-con-full e-flex parallax_section_no qode_elementor_container_no e-con e-child\" data-id=\"6d70d8bf\" data-element_type=\"container\">\n\t\t\t\t<div class=\"elementor-element elementor-element-1824e5de elementor-widget elementor-widget-bridge_image_gallery\" data-id=\"1824e5de\" data-element_type=\"widget\" data-widget_type=\"bridge_image_gallery.default\">\n\t\t\t\t<div class=\"elementor-widget-container\">\n\t\t\t\t\t<div class=\"qode-image-gallery\"><div class=\"qode-image-gallery-inner\"><div class=\"qode-image-gallery-slides wpb_image_grid\" data-interval=\"\"data-drag=\"false\"><div class=\"gallery_holder\"><ul class=\"gallery_inner   v0\"><li class=\"no_grayscale\"><img decoding=\"async\" src=\"https:\/\/www.atiartisticu.com\/wp-content\/uploads\/2025\/04\/gallery-casette-atiartisticu-7.jpg\" \/><\/li><\/ul><\/div><\/div><\/div><\/div>\t\t\t\t<\/div>\n\t\t\t\t<\/div>\n\t\t\t\t<\/div>\n\t\t\t\t<\/div>\n\t\t\t\t<\/div>\n\t\t","protected":false},"excerpt":{"rendered":"<p>Atiartisticu DIE ENTSTEHUNG DER H\u00c4USCHEN Es war einmal\u2026 eine Familie kreativer deutscher Goldschmiede, die im S\u00fcden einen w\u00e4rmeren und sonnigeren Ort suchte, um sich niederzulassen, neue Materialien und Inspiration zu finden. Einen geeigneten Ort zu w\u00e4hlen war nicht einfach, auch weil es eine drastische Lebensver\u00e4nderung bedeutete: eine neue Sprache zu erlernen, um zu kommunizieren und sich auszudr\u00fccken, eine neue Kultur,&#8230;<\/p>\n","protected":false},"author":1,"featured_media":0,"parent":0,"menu_order":0,"comment_status":"closed","ping_status":"closed","template":"full_width.php","meta":{"footnotes":""},"class_list":["post-11896","page","type-page","status-publish","hentry"],"yoast_head":"<!-- This site is optimized with the Yoast SEO plugin v26.2 - https:\/\/yoast.com\/wordpress\/plugins\/seo\/ -->\n<title>Die Urspr\u00fcnge von Artartistica | Entstehung der H\u00e4uschen<\/title>\n<meta name=\"description\" content=\"Entdecken Sie die Urspr\u00fcnge von Artartistica und die Entstehung der H\u00e4uschen.\" \/>\n<meta name=\"robots\" content=\"index, follow, max-snippet:-1, max-image-preview:large, max-video-preview:-1\" \/>\n<link rel=\"canonical\" href=\"https:\/\/www.atiartisticu.com\/de\/die-urspruenge\/\" \/>\n<meta property=\"og:locale\" content=\"de_DE\" \/>\n<meta property=\"og:type\" content=\"article\" \/>\n<meta property=\"og:title\" content=\"Die Urspr\u00fcnge von Artartistica | Entstehung der H\u00e4uschen\" \/>\n<meta property=\"og:description\" content=\"Entdecken Sie die Urspr\u00fcnge von Artartistica und die Entstehung der H\u00e4uschen.\" \/>\n<meta property=\"og:url\" content=\"https:\/\/www.atiartisticu.com\/de\/die-urspruenge\/\" \/>\n<meta property=\"og:site_name\" content=\"Atiartisticu\" \/>\n<meta property=\"article:modified_time\" content=\"2025-10-31T10:36:17+00:00\" \/>\n<meta property=\"og:image\" content=\"https:\/\/www.atiartisticu.com\/wp-content\/uploads\/2025\/05\/Casette-header-shop.jpg\" \/>\n<meta name=\"twitter:card\" content=\"summary_large_image\" \/>\n<meta name=\"twitter:label1\" content=\"Gesch\u00e4tzte Lesezeit\" \/>\n\t<meta name=\"twitter:data1\" content=\"3\u00a0Minuten\" \/>\n<script type=\"application\/ld+json\" class=\"yoast-schema-graph\">{\"@context\":\"https:\/\/schema.org\",\"@graph\":[{\"@type\":\"WebPage\",\"@id\":\"https:\/\/www.atiartisticu.com\/de\/die-urspruenge\/\",\"url\":\"https:\/\/www.atiartisticu.com\/de\/die-urspruenge\/\",\"name\":\"Die Urspr\u00fcnge von Artartistica | Entstehung der H\u00e4uschen\",\"isPartOf\":{\"@id\":\"https:\/\/www.atiartisticu.com\/de\/#website\"},\"primaryImageOfPage\":{\"@id\":\"https:\/\/www.atiartisticu.com\/de\/die-urspruenge\/#primaryimage\"},\"image\":{\"@id\":\"https:\/\/www.atiartisticu.com\/de\/die-urspruenge\/#primaryimage\"},\"thumbnailUrl\":\"https:\/\/www.atiartisticu.com\/wp-content\/uploads\/2025\/05\/Casette-header-shop.jpg\",\"datePublished\":\"2025-08-25T07:53:14+00:00\",\"dateModified\":\"2025-10-31T10:36:17+00:00\",\"description\":\"Entdecken Sie die Urspr\u00fcnge von Artartistica und die Entstehung der H\u00e4uschen.\",\"breadcrumb\":{\"@id\":\"https:\/\/www.atiartisticu.com\/de\/die-urspruenge\/#breadcrumb\"},\"inLanguage\":\"de\",\"potentialAction\":[{\"@type\":\"ReadAction\",\"target\":[\"https:\/\/www.atiartisticu.com\/de\/die-urspruenge\/\"]}]},{\"@type\":\"ImageObject\",\"inLanguage\":\"de\",\"@id\":\"https:\/\/www.atiartisticu.com\/de\/die-urspruenge\/#primaryimage\",\"url\":\"https:\/\/www.atiartisticu.com\/wp-content\/uploads\/2025\/05\/Casette-header-shop.jpg\",\"contentUrl\":\"https:\/\/www.atiartisticu.com\/wp-content\/uploads\/2025\/05\/Casette-header-shop.jpg\"},{\"@type\":\"BreadcrumbList\",\"@id\":\"https:\/\/www.atiartisticu.com\/de\/die-urspruenge\/#breadcrumb\",\"itemListElement\":[{\"@type\":\"ListItem\",\"position\":1,\"name\":\"Home\",\"item\":\"https:\/\/www.atiartisticu.com\/de\/\"},{\"@type\":\"ListItem\",\"position\":2,\"name\":\"Die Urspr\u00fcnge\"}]},{\"@type\":\"WebSite\",\"@id\":\"https:\/\/www.atiartisticu.com\/de\/#website\",\"url\":\"https:\/\/www.atiartisticu.com\/de\/\",\"name\":\"Atiartisticu\",\"description\":\"\",\"potentialAction\":[{\"@type\":\"SearchAction\",\"target\":{\"@type\":\"EntryPoint\",\"urlTemplate\":\"https:\/\/www.atiartisticu.com\/de\/?s={search_term_string}\"},\"query-input\":{\"@type\":\"PropertyValueSpecification\",\"valueRequired\":true,\"valueName\":\"search_term_string\"}}],\"inLanguage\":\"de\"}]}<\/script>\n<!-- \/ Yoast SEO plugin. -->","yoast_head_json":{"title":"Die Urspr\u00fcnge von Artartistica | Entstehung der H\u00e4uschen","description":"Entdecken Sie die Urspr\u00fcnge von Artartistica und die Entstehung der H\u00e4uschen.","robots":{"index":"index","follow":"follow","max-snippet":"max-snippet:-1","max-image-preview":"max-image-preview:large","max-video-preview":"max-video-preview:-1"},"canonical":"https:\/\/www.atiartisticu.com\/de\/die-urspruenge\/","og_locale":"de_DE","og_type":"article","og_title":"Die Urspr\u00fcnge von Artartistica | Entstehung der H\u00e4uschen","og_description":"Entdecken Sie die Urspr\u00fcnge von Artartistica und die Entstehung der H\u00e4uschen.","og_url":"https:\/\/www.atiartisticu.com\/de\/die-urspruenge\/","og_site_name":"Atiartisticu","article_modified_time":"2025-10-31T10:36:17+00:00","og_image":[{"url":"https:\/\/www.atiartisticu.com\/wp-content\/uploads\/2025\/05\/Casette-header-shop.jpg","type":"","width":"","height":""}],"twitter_card":"summary_large_image","twitter_misc":{"Gesch\u00e4tzte Lesezeit":"3\u00a0Minuten"},"schema":{"@context":"https:\/\/schema.org","@graph":[{"@type":"WebPage","@id":"https:\/\/www.atiartisticu.com\/de\/die-urspruenge\/","url":"https:\/\/www.atiartisticu.com\/de\/die-urspruenge\/","name":"Die Urspr\u00fcnge von Artartistica | Entstehung der H\u00e4uschen","isPartOf":{"@id":"https:\/\/www.atiartisticu.com\/de\/#website"},"primaryImageOfPage":{"@id":"https:\/\/www.atiartisticu.com\/de\/die-urspruenge\/#primaryimage"},"image":{"@id":"https:\/\/www.atiartisticu.com\/de\/die-urspruenge\/#primaryimage"},"thumbnailUrl":"https:\/\/www.atiartisticu.com\/wp-content\/uploads\/2025\/05\/Casette-header-shop.jpg","datePublished":"2025-08-25T07:53:14+00:00","dateModified":"2025-10-31T10:36:17+00:00","description":"Entdecken Sie die Urspr\u00fcnge von Artartistica und die Entstehung der H\u00e4uschen.","breadcrumb":{"@id":"https:\/\/www.atiartisticu.com\/de\/die-urspruenge\/#breadcrumb"},"inLanguage":"de","potentialAction":[{"@type":"ReadAction","target":["https:\/\/www.atiartisticu.com\/de\/die-urspruenge\/"]}]},{"@type":"ImageObject","inLanguage":"de","@id":"https:\/\/www.atiartisticu.com\/de\/die-urspruenge\/#primaryimage","url":"https:\/\/www.atiartisticu.com\/wp-content\/uploads\/2025\/05\/Casette-header-shop.jpg","contentUrl":"https:\/\/www.atiartisticu.com\/wp-content\/uploads\/2025\/05\/Casette-header-shop.jpg"},{"@type":"BreadcrumbList","@id":"https:\/\/www.atiartisticu.com\/de\/die-urspruenge\/#breadcrumb","itemListElement":[{"@type":"ListItem","position":1,"name":"Home","item":"https:\/\/www.atiartisticu.com\/de\/"},{"@type":"ListItem","position":2,"name":"Die Urspr\u00fcnge"}]},{"@type":"WebSite","@id":"https:\/\/www.atiartisticu.com\/de\/#website","url":"https:\/\/www.atiartisticu.com\/de\/","name":"Atiartisticu","description":"","potentialAction":[{"@type":"SearchAction","target":{"@type":"EntryPoint","urlTemplate":"https:\/\/www.atiartisticu.com\/de\/?s={search_term_string}"},"query-input":{"@type":"PropertyValueSpecification","valueRequired":true,"valueName":"search_term_string"}}],"inLanguage":"de"}]}},"_links":{"self":[{"href":"https:\/\/www.atiartisticu.com\/de\/wp-json\/wp\/v2\/pages\/11896","targetHints":{"allow":["GET"]}}],"collection":[{"href":"https:\/\/www.atiartisticu.com\/de\/wp-json\/wp\/v2\/pages"}],"about":[{"href":"https:\/\/www.atiartisticu.com\/de\/wp-json\/wp\/v2\/types\/page"}],"author":[{"embeddable":true,"href":"https:\/\/www.atiartisticu.com\/de\/wp-json\/wp\/v2\/users\/1"}],"replies":[{"embeddable":true,"href":"https:\/\/www.atiartisticu.com\/de\/wp-json\/wp\/v2\/comments?post=11896"}],"version-history":[{"count":8,"href":"https:\/\/www.atiartisticu.com\/de\/wp-json\/wp\/v2\/pages\/11896\/revisions"}],"predecessor-version":[{"id":13465,"href":"https:\/\/www.atiartisticu.com\/de\/wp-json\/wp\/v2\/pages\/11896\/revisions\/13465"}],"wp:attachment":[{"href":"https:\/\/www.atiartisticu.com\/de\/wp-json\/wp\/v2\/media?parent=11896"}],"curies":[{"name":"wp","href":"https:\/\/api.w.org\/{rel}","templated":true}]}}