{"id":11903,"date":"2023-09-28T13:47:11","date_gmt":"2023-09-28T11:47:11","guid":{"rendered":"https:\/\/www.atiartisticu.com\/wer-ich-bin\/"},"modified":"2025-10-31T11:32:11","modified_gmt":"2025-10-31T10:32:11","slug":"ueber-uns","status":"publish","type":"page","link":"https:\/\/www.atiartisticu.com\/de\/ueber-uns\/","title":{"rendered":"\u00dcber uns"},"content":{"rendered":"\t\t<div data-elementor-type=\"wp-page\" data-elementor-id=\"11903\" class=\"elementor elementor-11903 elementor-9532\">\n\t\t\t\t<div class=\"elementor-element elementor-element-31738d8 e-con-full e-flex parallax_section_no qode_elementor_container_no e-con e-parent\" data-id=\"31738d8\" data-element_type=\"container\">\n\t\t\t\t<div class=\"elementor-element elementor-element-9179a24 elementor-widget elementor-widget-bridge_image_gallery\" data-id=\"9179a24\" data-element_type=\"widget\" data-widget_type=\"bridge_image_gallery.default\">\n\t\t\t\t<div class=\"elementor-widget-container\">\n\t\t\t\t\t<div class=\"qode-image-gallery\"><div class=\"qode-image-gallery-inner\"><div class=\"qode-image-gallery-slides wpb_image_grid\" data-interval=\"\"data-drag=\"false\"><div class=\"gallery_holder\"><ul class=\"gallery_inner   v0\"><li class=\"no_grayscale\"><img decoding=\"async\" src=\"https:\/\/www.atiartisticu.com\/wp-content\/uploads\/2025\/04\/titolo-chi-sono.jpg\" \/><\/li><\/ul><\/div><\/div><\/div><\/div>\t\t\t\t<\/div>\n\t\t\t\t<\/div>\n\t\t\t\t<\/div>\n\t\t<div class=\"elementor-element elementor-element-693c42f3 e-con-full qode_elementor_container_inner elementor-hidden-mobile e-flex parallax_section_no e-con e-parent\" data-id=\"693c42f3\" data-element_type=\"container\">\n\t\t\t\t<div class=\"elementor-element elementor-element-4423876 elementor-widget elementor-widget-heading\" data-id=\"4423876\" data-element_type=\"widget\" data-widget_type=\"heading.default\">\n\t\t\t\t<div class=\"elementor-widget-container\">\n\t\t\t\t\t<h2 class=\"elementor-heading-title elementor-size-default\">Atiartisticu<\/h2>\t\t\t\t<\/div>\n\t\t\t\t<\/div>\n\t\t\t\t<div class=\"elementor-element elementor-element-28e6613b elementor-widget elementor-widget-text-editor\" data-id=\"28e6613b\" data-element_type=\"widget\" data-widget_type=\"text-editor.default\">\n\t\t\t\t<div class=\"elementor-widget-container\">\n\t\t\t\t\t\t\t\t\t<h2>\u00dcber uns<\/h2>\t\t\t\t\t\t\t\t<\/div>\n\t\t\t\t<\/div>\n\t\t\t\t<div class=\"elementor-element elementor-element-d021fec elementor-widget elementor-widget-text-editor\" data-id=\"d021fec\" data-element_type=\"widget\" data-widget_type=\"text-editor.default\">\n\t\t\t\t<div class=\"elementor-widget-container\">\n\t\t\t\t\t\t\t\t\t<p>Ich bin Leander Lukas Loewe, geboren 1975 in Deutschland.<\/p><p>\u00a0<\/p><p>1980 zog ich mit meiner Familie nach Sardinien. Bereits mit 16 Jahren begann ich, mit meinen Eltern, beide Goldschmiede, zu arbeiten. Durch sie habe ich das Goldschmieden und die Edelsteinverarbeitung erlernt, und einzigartige Schmuckst\u00fccke geschaffen. In dieser Zeit sind die ersten kleinen H\u00e4user aus Trachyt entstanden, und 1995 wurden unsere Arbeiten in den Showrooms der I.S.O.L.A. ausgestellt, der damals wichtigsten Einrichtung der Region Sardinien zur F\u00f6rderung des lokalen Handwerks auf regionaler, nationaler und internationaler Ebene.<\/p>\t\t\t\t\t\t\t\t<\/div>\n\t\t\t\t<\/div>\n\t\t\t\t<\/div>\n\t\t<div class=\"elementor-element elementor-element-0e61c86 e-con-full qode_elementor_container_inner elementor-hidden-desktop elementor-hidden-tablet e-flex parallax_section_no e-con e-parent\" data-id=\"0e61c86\" data-element_type=\"container\">\n\t\t\t\t<div class=\"elementor-element elementor-element-5a656ee elementor-widget elementor-widget-heading\" data-id=\"5a656ee\" data-element_type=\"widget\" data-widget_type=\"heading.default\">\n\t\t\t\t<div class=\"elementor-widget-container\">\n\t\t\t\t\t<h2 class=\"elementor-heading-title elementor-size-default\">Atiartisticu<\/h2>\t\t\t\t<\/div>\n\t\t\t\t<\/div>\n\t\t\t\t<div class=\"elementor-element elementor-element-5f7fa5d elementor-widget elementor-widget-text-editor\" data-id=\"5f7fa5d\" data-element_type=\"widget\" data-widget_type=\"text-editor.default\">\n\t\t\t\t<div class=\"elementor-widget-container\">\n\t\t\t\t\t\t\t\t\t<h2>\u00dcber uns<\/h2>\t\t\t\t\t\t\t\t<\/div>\n\t\t\t\t<\/div>\n\t\t\t\t<div class=\"elementor-element elementor-element-b9514ab elementor-widget elementor-widget-text-editor\" data-id=\"b9514ab\" data-element_type=\"widget\" data-widget_type=\"text-editor.default\">\n\t\t\t\t<div class=\"elementor-widget-container\">\n\t\t\t\t\t\t\t\t\t<p>Ich bin Leander Lukas Loewe, geboren 1975 in Deutschland.<\/p><p>\u00a0<\/p><p>1980 zog ich mit meiner Familie nach Sardinien. Bereits mit 16 Jahren begann ich, mit meinen Eltern, beide Goldschmiede, zu arbeiten. Durch sie habe ich das Goldschmieden und die Edelsteinverarbeitung erlernt, und einzigartige Schmuckst\u00fccke geschaffen. In dieser Zeit sind die ersten kleinen H\u00e4user aus Trachyt entstanden, und 1995 wurden unsere Arbeiten in den Showrooms der I.S.O.L.A. ausgestellt, der damals wichtigsten Einrichtung der Region Sardinien zur F\u00f6rderung des lokalen Handwerks auf regionaler, nationaler und internationaler Ebene.<\/p>\t\t\t\t\t\t\t\t<\/div>\n\t\t\t\t<\/div>\n\t\t\t\t<\/div>\n\t\t<div class=\"elementor-element elementor-element-71f5b1cd e-con-full e-flex parallax_section_no qode_elementor_container_no e-con e-parent\" data-id=\"71f5b1cd\" data-element_type=\"container\">\n\t\t<div class=\"elementor-element elementor-element-3acef895 e-con-full e-flex parallax_section_no qode_elementor_container_no e-con e-child\" data-id=\"3acef895\" data-element_type=\"container\" data-settings=\"{&quot;background_background&quot;:&quot;classic&quot;}\">\n\t\t\t\t<div class=\"elementor-element elementor-element-4344a34d elementor-widget elementor-widget-text-editor\" data-id=\"4344a34d\" data-element_type=\"widget\" data-widget_type=\"text-editor.default\">\n\t\t\t\t<div class=\"elementor-widget-container\">\n\t\t\t\t\t\t\t\t\t<h3>DIE AUSBILDUNG<\/h3>\t\t\t\t\t\t\t\t<\/div>\n\t\t\t\t<\/div>\n\t\t\t\t<div class=\"elementor-element elementor-element-3495e674 elementor-widget__width-initial elementor-widget elementor-widget-text-editor\" data-id=\"3495e674\" data-element_type=\"widget\" data-widget_type=\"text-editor.default\">\n\t\t\t\t<div class=\"elementor-widget-container\">\n\t\t\t\t\t\t\t\t\t<p>Nach einer famili\u00e4ren Ausbildung, die der deutschen Goldschmiedetradition folgte, sammelte ich weiteren Erfahrungen in verschiedenen Werkst\u00e4tten in Deutschland: zwei Goldschmiedewerkst\u00e4tten und zwei\u00a0Edelsteinschleiferein. Zudem wurde ich als Gastsch\u00fcler an der Goldschmiedeschule Pforzheim aufgenommen, derselben Goldschmiedeschule, an der meine Eltern ausgebildet worden waren. 1999 schrieb ich mich am Kunstinstitut Filippo\u00a0Figari\u00a0in Sassari ein, wo ich 2004 mein Diplom als Goldschmiedemeister erwarb.<\/p>\t\t\t\t\t\t\t\t<\/div>\n\t\t\t\t<\/div>\n\t\t\t\t<div class=\"elementor-element elementor-element-0597e67 elementor-widget elementor-widget-bridge_button\" data-id=\"0597e67\" data-element_type=\"widget\" data-widget_type=\"bridge_button.default\">\n\t\t\t\t<div class=\"elementor-widget-container\">\n\t\t\t\t\t<a  itemprop=\"url\" href=\"\/de\/shop-trachyt-haeuschen\/\" target=\"_self\" data-hover-background-color=\"#000000\" data-hover-color=\"#FFFFFF\" class=\"qbutton  default\" style=\"color: #000000; background-color:#FFFFFF;\">ZUM SHOP<\/a>\t\t\t\t<\/div>\n\t\t\t\t<\/div>\n\t\t\t\t<\/div>\n\t\t<div class=\"elementor-element elementor-element-400c2424 e-con-full e-flex parallax_section_no qode_elementor_container_no e-con e-child\" data-id=\"400c2424\" data-element_type=\"container\">\n\t\t\t\t<div class=\"elementor-element elementor-element-12e791c8 elementor-widget elementor-widget-bridge_image_gallery\" data-id=\"12e791c8\" data-element_type=\"widget\" data-widget_type=\"bridge_image_gallery.default\">\n\t\t\t\t<div class=\"elementor-widget-container\">\n\t\t\t\t\t<div class=\"qode-image-gallery\"><div class=\"qode-image-gallery-inner\"><div class=\"qode-image-gallery-slides wpb_image_grid\" data-interval=\"\"data-drag=\"false\"><div class=\"gallery_holder\"><ul class=\"gallery_inner   v0\"><li class=\"no_grayscale\"><img decoding=\"async\" src=\"https:\/\/www.atiartisticu.com\/wp-content\/uploads\/2025\/04\/atiartisticu-chi-sono-2.jpg\" \/><\/li><\/ul><\/div><\/div><\/div><\/div>\t\t\t\t<\/div>\n\t\t\t\t<\/div>\n\t\t\t\t<\/div>\n\t\t\t\t<\/div>\n\t\t<div class=\"elementor-element elementor-element-53c027be e-con-full e-flex parallax_section_no qode_elementor_container_no e-con e-parent\" data-id=\"53c027be\" data-element_type=\"container\">\n\t\t<div class=\"elementor-element elementor-element-7586fc5b e-con-full e-flex parallax_section_no qode_elementor_container_no e-con e-child\" data-id=\"7586fc5b\" data-element_type=\"container\">\n\t\t\t\t<div class=\"elementor-element elementor-element-25e375e0 elementor-widget elementor-widget-bridge_image_gallery\" data-id=\"25e375e0\" data-element_type=\"widget\" data-widget_type=\"bridge_image_gallery.default\">\n\t\t\t\t<div class=\"elementor-widget-container\">\n\t\t\t\t\t<div class=\"qode-image-gallery\"><div class=\"qode-image-gallery-inner\"><div class=\"qode-image-gallery-slides wpb_image_grid\" data-interval=\"\"data-drag=\"false\"><div class=\"gallery_holder\"><ul class=\"gallery_inner   v0\"><li class=\"no_grayscale\"><img decoding=\"async\" src=\"https:\/\/www.atiartisticu.com\/wp-content\/uploads\/2025\/04\/atiartisticu-chi-sono-1.jpg\" \/><\/li><\/ul><\/div><\/div><\/div><\/div>\t\t\t\t<\/div>\n\t\t\t\t<\/div>\n\t\t\t\t<\/div>\n\t\t<div class=\"elementor-element elementor-element-1cc0f977 e-con-full e-flex parallax_section_no qode_elementor_container_no e-con e-child\" data-id=\"1cc0f977\" data-element_type=\"container\" data-settings=\"{&quot;background_background&quot;:&quot;classic&quot;}\">\n\t\t\t\t<div class=\"elementor-element elementor-element-22c49408 elementor-widget elementor-widget-text-editor\" data-id=\"22c49408\" data-element_type=\"widget\" data-widget_type=\"text-editor.default\">\n\t\t\t\t<div class=\"elementor-widget-container\">\n\t\t\t\t\t\t\t\t\t<h3 class=\"qodef-m-title\">ATIARTISTICU<\/h3>\t\t\t\t\t\t\t\t<\/div>\n\t\t\t\t<\/div>\n\t\t\t\t<div class=\"elementor-element elementor-element-53095fcb elementor-widget__width-initial elementor-widget elementor-widget-text-editor\" data-id=\"53095fcb\" data-element_type=\"widget\" data-widget_type=\"text-editor.default\">\n\t\t\t\t<div class=\"elementor-widget-container\">\n\t\t\t\t\t\t\t\t\t<p>2005 erbte ich das von meinen Eltern Sabine Ursula Voigt und Rainer Ernst Loewe gegr\u00fcndete Unternehmen Arte Artigianato Artistico und gr\u00fcndete mein eigenes Unternehmen, das ich Atiartisticu nannte, eine sardische Neuinterpretation des fr\u00fcheren Namens. In meiner Werkstatt arbeite ich weiterhin mit Stein und Silber, bewahre den kreativen Geist, den meine Eltern mir vermittelt haben, verfeinere die Produktionstechniken und bin immer offen f\u00fcr neuen Vertriebs M\u00f6glichkeiten.<br \/><br \/>Auf Sardinien habe ich die von meinen Eltern aufgebauten Gesch\u00e4ftsverbindungen weitergef\u00fchrt und nehme weiterhin an den gro\u00dfen Kunsthandwerker Ausstellungen wie der Fieradell\u2019Artigianato artistico della Sardegna in Mogoro und der Tessingiu in Samugheo teil. Mehrere Jahre war ich auch an der Fiera Campionaria di Cagliari pr\u00e4sent. Auf nationaler Ebene nahm ich an mehreren Ausgaben der MACEF und der Artigiano in Fiera in Mailand teil, sowie an einer Ausgabe der Artissima in Turin. Auf internationaler Ebene hatte ich 2015 das Privileg, an der internationalen Messe Interior Lifestyle Tokyo in Japan teilzunehmen.<br \/><br \/>Alles Gelegenheiten, bei denen ich die M\u00f6glichkeit hatte, sowohl nationalen als auch internationalen Kunden zu begegnen.<\/p>\t\t\t\t\t\t\t\t<\/div>\n\t\t\t\t<\/div>\n\t\t\t\t<\/div>\n\t\t\t\t<\/div>\n\t\t\t\t<\/div>\n\t\t","protected":false},"excerpt":{"rendered":"<p>Atiartisticu \u00dcber uns Ich bin Leander Lukas Loewe, geboren 1975 in Deutschland. 1980 zog ich mit meiner Familie nach Sardinien. Bereits mit 16 Jahren begann ich, mit meinen Eltern, beide Goldschmiede, zu arbeiten. Durch sie habe ich das Goldschmieden und die Edelsteinverarbeitung erlernt, und einzigartige Schmuckst\u00fccke geschaffen. In dieser Zeit sind die ersten kleinen H\u00e4user aus Trachyt entstanden, und 1995&#8230;<\/p>\n","protected":false},"author":1,"featured_media":0,"parent":0,"menu_order":0,"comment_status":"closed","ping_status":"closed","template":"full_width.php","meta":{"footnotes":""},"class_list":["post-11903","page","type-page","status-publish","hentry"],"yoast_head":"<!-- This site is optimized with the Yoast SEO plugin v26.2 - https:\/\/yoast.com\/wordpress\/plugins\/seo\/ -->\n<title>Atiartisticu: \u00dcber uns - Handgefertigter Schmuck<\/title>\n<meta name=\"description\" content=\"Erfahren Sie mehr \u00fcber Atiartisticu, den handgefertigten Schmuck aus Sardinien.\" \/>\n<meta name=\"robots\" content=\"index, follow, max-snippet:-1, max-image-preview:large, max-video-preview:-1\" \/>\n<link rel=\"canonical\" href=\"https:\/\/www.atiartisticu.com\/de\/ueber-uns\/\" \/>\n<meta property=\"og:locale\" content=\"de_DE\" \/>\n<meta property=\"og:type\" content=\"article\" \/>\n<meta property=\"og:title\" content=\"Atiartisticu: \u00dcber uns - Handgefertigter Schmuck\" \/>\n<meta property=\"og:description\" content=\"Erfahren Sie mehr \u00fcber Atiartisticu, den handgefertigten Schmuck aus Sardinien.\" \/>\n<meta property=\"og:url\" content=\"https:\/\/www.atiartisticu.com\/de\/ueber-uns\/\" \/>\n<meta property=\"og:site_name\" content=\"Atiartisticu\" \/>\n<meta property=\"article:modified_time\" content=\"2025-10-31T10:32:11+00:00\" \/>\n<meta property=\"og:image\" content=\"https:\/\/www.atiartisticu.com\/wp-content\/uploads\/2025\/04\/titolo-chi-sono.jpg\" \/>\n<meta name=\"twitter:card\" content=\"summary_large_image\" \/>\n<meta name=\"twitter:label1\" content=\"Gesch\u00e4tzte Lesezeit\" \/>\n\t<meta name=\"twitter:data1\" content=\"3\u00a0Minuten\" \/>\n<script type=\"application\/ld+json\" class=\"yoast-schema-graph\">{\"@context\":\"https:\/\/schema.org\",\"@graph\":[{\"@type\":\"WebPage\",\"@id\":\"https:\/\/www.atiartisticu.com\/de\/ueber-uns\/\",\"url\":\"https:\/\/www.atiartisticu.com\/de\/ueber-uns\/\",\"name\":\"Atiartisticu: \u00dcber uns - Handgefertigter Schmuck\",\"isPartOf\":{\"@id\":\"https:\/\/www.atiartisticu.com\/de\/#website\"},\"primaryImageOfPage\":{\"@id\":\"https:\/\/www.atiartisticu.com\/de\/ueber-uns\/#primaryimage\"},\"image\":{\"@id\":\"https:\/\/www.atiartisticu.com\/de\/ueber-uns\/#primaryimage\"},\"thumbnailUrl\":\"https:\/\/www.atiartisticu.com\/wp-content\/uploads\/2025\/04\/titolo-chi-sono.jpg\",\"datePublished\":\"2023-09-28T11:47:11+00:00\",\"dateModified\":\"2025-10-31T10:32:11+00:00\",\"description\":\"Erfahren Sie mehr \u00fcber Atiartisticu, den handgefertigten Schmuck aus Sardinien.\",\"breadcrumb\":{\"@id\":\"https:\/\/www.atiartisticu.com\/de\/ueber-uns\/#breadcrumb\"},\"inLanguage\":\"de\",\"potentialAction\":[{\"@type\":\"ReadAction\",\"target\":[\"https:\/\/www.atiartisticu.com\/de\/ueber-uns\/\"]}]},{\"@type\":\"ImageObject\",\"inLanguage\":\"de\",\"@id\":\"https:\/\/www.atiartisticu.com\/de\/ueber-uns\/#primaryimage\",\"url\":\"https:\/\/www.atiartisticu.com\/wp-content\/uploads\/2025\/04\/titolo-chi-sono.jpg\",\"contentUrl\":\"https:\/\/www.atiartisticu.com\/wp-content\/uploads\/2025\/04\/titolo-chi-sono.jpg\"},{\"@type\":\"BreadcrumbList\",\"@id\":\"https:\/\/www.atiartisticu.com\/de\/ueber-uns\/#breadcrumb\",\"itemListElement\":[{\"@type\":\"ListItem\",\"position\":1,\"name\":\"Home\",\"item\":\"https:\/\/www.atiartisticu.com\/de\/\"},{\"@type\":\"ListItem\",\"position\":2,\"name\":\"\u00dcber uns\"}]},{\"@type\":\"WebSite\",\"@id\":\"https:\/\/www.atiartisticu.com\/de\/#website\",\"url\":\"https:\/\/www.atiartisticu.com\/de\/\",\"name\":\"Atiartisticu\",\"description\":\"\",\"potentialAction\":[{\"@type\":\"SearchAction\",\"target\":{\"@type\":\"EntryPoint\",\"urlTemplate\":\"https:\/\/www.atiartisticu.com\/de\/?s={search_term_string}\"},\"query-input\":{\"@type\":\"PropertyValueSpecification\",\"valueRequired\":true,\"valueName\":\"search_term_string\"}}],\"inLanguage\":\"de\"}]}<\/script>\n<!-- \/ Yoast SEO plugin. -->","yoast_head_json":{"title":"Atiartisticu: \u00dcber uns - Handgefertigter Schmuck","description":"Erfahren Sie mehr \u00fcber Atiartisticu, den handgefertigten Schmuck aus Sardinien.","robots":{"index":"index","follow":"follow","max-snippet":"max-snippet:-1","max-image-preview":"max-image-preview:large","max-video-preview":"max-video-preview:-1"},"canonical":"https:\/\/www.atiartisticu.com\/de\/ueber-uns\/","og_locale":"de_DE","og_type":"article","og_title":"Atiartisticu: \u00dcber uns - Handgefertigter Schmuck","og_description":"Erfahren Sie mehr \u00fcber Atiartisticu, den handgefertigten Schmuck aus Sardinien.","og_url":"https:\/\/www.atiartisticu.com\/de\/ueber-uns\/","og_site_name":"Atiartisticu","article_modified_time":"2025-10-31T10:32:11+00:00","og_image":[{"url":"https:\/\/www.atiartisticu.com\/wp-content\/uploads\/2025\/04\/titolo-chi-sono.jpg","type":"","width":"","height":""}],"twitter_card":"summary_large_image","twitter_misc":{"Gesch\u00e4tzte Lesezeit":"3\u00a0Minuten"},"schema":{"@context":"https:\/\/schema.org","@graph":[{"@type":"WebPage","@id":"https:\/\/www.atiartisticu.com\/de\/ueber-uns\/","url":"https:\/\/www.atiartisticu.com\/de\/ueber-uns\/","name":"Atiartisticu: \u00dcber uns - Handgefertigter Schmuck","isPartOf":{"@id":"https:\/\/www.atiartisticu.com\/de\/#website"},"primaryImageOfPage":{"@id":"https:\/\/www.atiartisticu.com\/de\/ueber-uns\/#primaryimage"},"image":{"@id":"https:\/\/www.atiartisticu.com\/de\/ueber-uns\/#primaryimage"},"thumbnailUrl":"https:\/\/www.atiartisticu.com\/wp-content\/uploads\/2025\/04\/titolo-chi-sono.jpg","datePublished":"2023-09-28T11:47:11+00:00","dateModified":"2025-10-31T10:32:11+00:00","description":"Erfahren Sie mehr \u00fcber Atiartisticu, den handgefertigten Schmuck aus Sardinien.","breadcrumb":{"@id":"https:\/\/www.atiartisticu.com\/de\/ueber-uns\/#breadcrumb"},"inLanguage":"de","potentialAction":[{"@type":"ReadAction","target":["https:\/\/www.atiartisticu.com\/de\/ueber-uns\/"]}]},{"@type":"ImageObject","inLanguage":"de","@id":"https:\/\/www.atiartisticu.com\/de\/ueber-uns\/#primaryimage","url":"https:\/\/www.atiartisticu.com\/wp-content\/uploads\/2025\/04\/titolo-chi-sono.jpg","contentUrl":"https:\/\/www.atiartisticu.com\/wp-content\/uploads\/2025\/04\/titolo-chi-sono.jpg"},{"@type":"BreadcrumbList","@id":"https:\/\/www.atiartisticu.com\/de\/ueber-uns\/#breadcrumb","itemListElement":[{"@type":"ListItem","position":1,"name":"Home","item":"https:\/\/www.atiartisticu.com\/de\/"},{"@type":"ListItem","position":2,"name":"\u00dcber uns"}]},{"@type":"WebSite","@id":"https:\/\/www.atiartisticu.com\/de\/#website","url":"https:\/\/www.atiartisticu.com\/de\/","name":"Atiartisticu","description":"","potentialAction":[{"@type":"SearchAction","target":{"@type":"EntryPoint","urlTemplate":"https:\/\/www.atiartisticu.com\/de\/?s={search_term_string}"},"query-input":{"@type":"PropertyValueSpecification","valueRequired":true,"valueName":"search_term_string"}}],"inLanguage":"de"}]}},"_links":{"self":[{"href":"https:\/\/www.atiartisticu.com\/de\/wp-json\/wp\/v2\/pages\/11903","targetHints":{"allow":["GET"]}}],"collection":[{"href":"https:\/\/www.atiartisticu.com\/de\/wp-json\/wp\/v2\/pages"}],"about":[{"href":"https:\/\/www.atiartisticu.com\/de\/wp-json\/wp\/v2\/types\/page"}],"author":[{"embeddable":true,"href":"https:\/\/www.atiartisticu.com\/de\/wp-json\/wp\/v2\/users\/1"}],"replies":[{"embeddable":true,"href":"https:\/\/www.atiartisticu.com\/de\/wp-json\/wp\/v2\/comments?post=11903"}],"version-history":[{"count":18,"href":"https:\/\/www.atiartisticu.com\/de\/wp-json\/wp\/v2\/pages\/11903\/revisions"}],"predecessor-version":[{"id":13455,"href":"https:\/\/www.atiartisticu.com\/de\/wp-json\/wp\/v2\/pages\/11903\/revisions\/13455"}],"wp:attachment":[{"href":"https:\/\/www.atiartisticu.com\/de\/wp-json\/wp\/v2\/media?parent=11903"}],"curies":[{"name":"wp","href":"https:\/\/api.w.org\/{rel}","templated":true}]}}