{"id":11906,"date":"2025-08-07T10:50:41","date_gmt":"2025-08-07T08:50:41","guid":{"rendered":"https:\/\/www.atiartisticu.com\/das-labor\/"},"modified":"2025-10-31T11:33:51","modified_gmt":"2025-10-31T10:33:51","slug":"die-werkstatt","status":"publish","type":"page","link":"https:\/\/www.atiartisticu.com\/de\/die-werkstatt\/","title":{"rendered":"Die Werkstatt"},"content":{"rendered":"\t\t<div data-elementor-type=\"wp-page\" data-elementor-id=\"11906\" class=\"elementor elementor-11906 elementor-11325\">\n\t\t\t\t<div class=\"elementor-element elementor-element-4cb625a5 e-con-full e-flex parallax_section_no qode_elementor_container_no e-con e-parent\" data-id=\"4cb625a5\" data-element_type=\"container\">\n\t\t\t\t<div class=\"elementor-element elementor-element-26012237 elementor-widget elementor-widget-bridge_image_gallery\" data-id=\"26012237\" data-element_type=\"widget\" data-widget_type=\"bridge_image_gallery.default\">\n\t\t\t\t<div class=\"elementor-widget-container\">\n\t\t\t\t\t<div class=\"qode-image-gallery\"><div class=\"qode-image-gallery-inner\"><div class=\"qode-image-gallery-slides wpb_image_grid\" data-interval=\"\"data-drag=\"false\"><div class=\"gallery_holder\"><ul class=\"gallery_inner   v0\"><li class=\"no_grayscale\"><img decoding=\"async\" src=\"https:\/\/www.atiartisticu.com\/wp-content\/uploads\/2025\/04\/titolo-produzione.jpg\" \/><\/li><\/ul><\/div><\/div><\/div><\/div>\t\t\t\t<\/div>\n\t\t\t\t<\/div>\n\t\t\t\t<\/div>\n\t\t<div class=\"elementor-element elementor-element-46f98aaa e-con-full qode_elementor_container_inner e-flex parallax_section_no e-con e-parent\" data-id=\"46f98aaa\" data-element_type=\"container\">\n\t\t\t\t<div class=\"elementor-element elementor-element-658373b elementor-widget elementor-widget-heading\" data-id=\"658373b\" data-element_type=\"widget\" data-widget_type=\"heading.default\">\n\t\t\t\t<div class=\"elementor-widget-container\">\n\t\t\t\t\t<h2 class=\"elementor-heading-title elementor-size-default\">Atiartisticu<\/h2>\t\t\t\t<\/div>\n\t\t\t\t<\/div>\n\t\t\t\t<div class=\"elementor-element elementor-element-73d0ecc8 elementor-widget elementor-widget-text-editor\" data-id=\"73d0ecc8\" data-element_type=\"widget\" data-widget_type=\"text-editor.default\">\n\t\t\t\t<div class=\"elementor-widget-container\">\n\t\t\t\t\t\t\t\t\t<h2>Das Labor<\/h2>\t\t\t\t\t\t\t\t<\/div>\n\t\t\t\t<\/div>\n\t\t\t\t<div class=\"elementor-element elementor-element-6c06fcec elementor-widget elementor-widget-text-editor\" data-id=\"6c06fcec\" data-element_type=\"widget\" data-widget_type=\"text-editor.default\">\n\t\t\t\t<div class=\"elementor-widget-container\">\n\t\t\t\t\t\t\t\t\t<p>Im Herzen Sardiniens, eingebettet in das Gr\u00fcn eines malerischen Dorfes am Fu\u00dfe des\u00a0MontiFerru, befindet sich das kleine Atelier\u00a0Atiartisticu\u00a0in\u00a0Narbol<wbr \/>ia, ein Ort, an dem Tradition und Innovation auf Natur treffen und wertvolle Kunstwerke entstehen.Eine Werkstatt, in der in Handwerklicher und Kunstvoller Bearbeitung der Steine, die H\u00e4user aus Trachyt mit Silbereins\u00e4tzen entstehen sowie andere Dekorationsobjekte f\u00fcr das Haus, wie Lampen, Schalen, Spiegel und mehr.<\/p>\t\t\t\t\t\t\t\t<\/div>\n\t\t\t\t<\/div>\n\t\t\t\t<\/div>\n\t\t<div class=\"elementor-element elementor-element-7a567085 e-con-full e-flex parallax_section_no qode_elementor_container_no e-con e-parent\" data-id=\"7a567085\" data-element_type=\"container\" data-settings=\"{&quot;background_background&quot;:&quot;classic&quot;}\">\n\t\t<div class=\"elementor-element elementor-element-2da1efd3 e-con-full e-flex parallax_section_no qode_elementor_container_no e-con e-child\" data-id=\"2da1efd3\" data-element_type=\"container\">\n\t\t\t\t<div class=\"elementor-element elementor-element-2b4495db elementor-widget__width-initial elementor-widget elementor-widget-text-editor\" data-id=\"2b4495db\" data-element_type=\"widget\" data-widget_type=\"text-editor.default\">\n\t\t\t\t<div class=\"elementor-widget-container\">\n\t\t\t\t\t\t\t\t\t<p>Die Werkstatt ist ein Ort des Experimentierens, an dem Tradition und Innovation verschmelzen und durch verschiedene Handwerkstechniken originelle und einmalige Produkte entstehen.<\/p><p>\u00a0<\/p><p>Urspr\u00fcnglich entstanden als Goldschmiedewerkstatt, in der durch die Verarbeitung von Edelsteinen veredelter zeitgen\u00f6ssischer Silber und Goldschmuck hergestellt wurde der sowohl von der sardischen Natur als auch von der Nuraghenkultur inspiriert war.<\/p><p>\u00a0<\/p><p>Der neue k\u00fcnstlerische Schwung, der von den Trachyt-H\u00e4usern ausging, hat die T\u00e4tigkeit der Werkstatt auf eine Vertiefung der Bearbeitung von Weichgestein gerichtet, auch in Form von Einrichtungsgegenst\u00e4nden verschiedener Art.<\/p><p>\u00a0<\/p><p>Die H\u00e4user von Atiartisticu stellen die perfekte Fusion von der Goldschmiedekunst mit der Steinbearbeitung durch die Schaffung von Einzelst\u00fccken von hohem k\u00fcnstlerischem Wert dar.<\/p>\t\t\t\t\t\t\t\t<\/div>\n\t\t\t\t<\/div>\n\t\t\t\t<\/div>\n\t\t<div class=\"elementor-element elementor-element-c77f592 e-con-full e-flex parallax_section_no qode_elementor_container_no e-con e-child\" data-id=\"c77f592\" data-element_type=\"container\">\n\t\t\t\t<div class=\"elementor-element elementor-element-9a8a872 elementor-widget elementor-widget-bridge_image_gallery\" data-id=\"9a8a872\" data-element_type=\"widget\" data-widget_type=\"bridge_image_gallery.default\">\n\t\t\t\t<div class=\"elementor-widget-container\">\n\t\t\t\t\t<div class=\"qode-image-gallery\"><div class=\"qode-image-gallery-inner\"><div class=\"qode-image-gallery-slides wpb_image_grid\" data-interval=\"\"data-drag=\"false\"><div class=\"gallery_holder\"><ul class=\"gallery_inner   v0\"><li class=\"no_grayscale\"><img decoding=\"async\" src=\"https:\/\/www.atiartisticu.com\/wp-content\/uploads\/2025\/04\/gallery-casette-atiartisticu-10.jpg\" \/><\/li><\/ul><\/div><\/div><\/div><\/div>\t\t\t\t<\/div>\n\t\t\t\t<\/div>\n\t\t\t\t<\/div>\n\t\t\t\t<\/div>\n\t\t<div class=\"elementor-element elementor-element-9a7b6ba e-con-full e-flex parallax_section_no qode_elementor_container_no e-con e-parent\" data-id=\"9a7b6ba\" data-element_type=\"container\">\n\t\t<div class=\"elementor-element elementor-element-270aa26 e-con-full e-flex parallax_section_no qode_elementor_container_no e-con e-child\" data-id=\"270aa26\" data-element_type=\"container\">\n\t\t\t\t<div class=\"elementor-element elementor-element-f96ef68 elementor-widget elementor-widget-bridge_image_gallery\" data-id=\"f96ef68\" data-element_type=\"widget\" data-widget_type=\"bridge_image_gallery.default\">\n\t\t\t\t<div class=\"elementor-widget-container\">\n\t\t\t\t\t<div class=\"qode-image-gallery\"><div class=\"qode-image-gallery-inner\"><div class=\"qode-image-gallery-slides wpb_image_grid\" data-interval=\"\"data-drag=\"false\"><div class=\"gallery_holder\"><ul class=\"gallery_inner   v0\"><li class=\"no_grayscale\"><img decoding=\"async\" src=\"https:\/\/www.atiartisticu.com\/wp-content\/uploads\/2025\/04\/atiartisticu-produzione-trachite.jpg\" \/><\/li><\/ul><\/div><\/div><\/div><\/div>\t\t\t\t<\/div>\n\t\t\t\t<\/div>\n\t\t\t\t<\/div>\n\t\t<div class=\"elementor-element elementor-element-26cd09f e-con-full e-flex parallax_section_no qode_elementor_container_no e-con e-child\" data-id=\"26cd09f\" data-element_type=\"container\" data-settings=\"{&quot;background_background&quot;:&quot;classic&quot;}\">\n\t\t\t\t<div class=\"elementor-element elementor-element-69e8d62 elementor-widget elementor-widget-text-editor\" data-id=\"69e8d62\" data-element_type=\"widget\" data-widget_type=\"text-editor.default\">\n\t\t\t\t<div class=\"elementor-widget-container\">\n\t\t\t\t\t\t\t\t\t<h3 class=\"qodef-m-title\">DER TRACHYT<\/h3>\t\t\t\t\t\t\t\t<\/div>\n\t\t\t\t<\/div>\n\t\t\t\t<div class=\"elementor-element elementor-element-3b00695 elementor-widget__width-initial elementor-widget elementor-widget-text-editor\" data-id=\"3b00695\" data-element_type=\"widget\" data-widget_type=\"text-editor.default\">\n\t\t\t\t<div class=\"elementor-widget-container\">\n\t\t\t\t\t\t\t\t\t<p>Trachyt ist ein vulkanisches Gestein, das bereits in der Antike als Baumaterial verwendet wurde, wie die Ruinen der r\u00f6mischen Thermen von\u00a0Fordongianus\u00a0zeigen. In Sardinien entstanden in der Zeit der Aragonischen Herrschaft, in den Gebieten nahe der Trachyt Vorkommen, zahlreiche Geb\u00e4ude unter Verwendung dieses Materials. Zu den bemerkenswertesten Zeugnissen geh\u00f6ren die zahlreichen Kirchen und die sogenannten Aragonischen H\u00e4user, die sich durch elegante Gravuren auf Pfosten und Architraven von T\u00fcren und Fenstern auszeichnen. In den Gebieten, die weiter von den Abbauorten entfernt sind, wie z. B.\u00a0Narbolia, wurden die Mauern mit dem vor Ort verf\u00fcgbaren Stein, in der Regel Basalt, errichtet, und die Pfosten und T\u00fcrb\u00f6gen wurden aus Trachyt gefertigt, da sich dieser Stein aufgrund seiner relativen Weichheit, aber gleichzeitig hohen Widerstandsf\u00e4higkeit gut f\u00fcr Gravuren eignete.<\/p>\t\t\t\t\t\t\t\t<\/div>\n\t\t\t\t<\/div>\n\t\t\t\t<\/div>\n\t\t\t\t<\/div>\n\t\t<div class=\"elementor-element elementor-element-e3a153e e-con-full e-flex parallax_section_no qode_elementor_container_no e-con e-parent\" data-id=\"e3a153e\" data-element_type=\"container\">\n\t\t<div class=\"elementor-element elementor-element-312025df e-con-full e-flex parallax_section_no qode_elementor_container_no e-con e-child\" data-id=\"312025df\" data-element_type=\"container\" data-settings=\"{&quot;background_background&quot;:&quot;classic&quot;}\">\n\t\t\t\t<div class=\"elementor-element elementor-element-5398fe33 elementor-widget elementor-widget-text-editor\" data-id=\"5398fe33\" data-element_type=\"widget\" data-widget_type=\"text-editor.default\">\n\t\t\t\t<div class=\"elementor-widget-container\">\n\t\t\t\t\t\t\t\t\t<h3>DIE ENTSTEHUNG DER H\u00c4USCHEN<\/h3>\t\t\t\t\t\t\t\t<\/div>\n\t\t\t\t<\/div>\n\t\t\t\t<div class=\"elementor-element elementor-element-627de14b elementor-widget__width-initial elementor-widget elementor-widget-text-editor\" data-id=\"627de14b\" data-element_type=\"widget\" data-widget_type=\"text-editor.default\">\n\t\t\t\t<div class=\"elementor-widget-container\">\n\t\t\t\t\t\t\t\t\t<p class=\"p1\">Es war einmal\u2026 eine Familie kreativer deutscher Goldschmiede, die im S\u00fcden einen w\u00e4rmeren und sonnigeren Ort suchte, um sich niederzulassen, neue Materialien und Inspiration zu finden. Einen geeigneten Ort zu w\u00e4hlen war nicht einfach, auch weil es eine drastische Lebensver\u00e4nderung bedeutete: eine neue Sprache zu erlernen, um zu kommunizieren und sich auszudr\u00fccken, eine neue Kultur, an die man sich anpassen musste. Der Suchprozess war nicht einfach, aber schlie\u00dflich fiel ihre Wahl auf eine Insel im Mittelmeer, Siedlungsort antiker Zivilisationen und von ergreifender nat\u00fcrlicher Sch\u00f6nheit: Sardinien.<\/p>\t\t\t\t\t\t\t\t<\/div>\n\t\t\t\t<\/div>\n\t\t\t\t<div class=\"elementor-element elementor-element-56bb0ee8 elementor-widget elementor-widget-bridge_button\" data-id=\"56bb0ee8\" data-element_type=\"widget\" data-widget_type=\"bridge_button.default\">\n\t\t\t\t<div class=\"elementor-widget-container\">\n\t\t\t\t\t<a  itemprop=\"url\" href=\"\/de\/shop-trachyt-haeuschen\/\" target=\"_self\" data-hover-background-color=\"#000000\" data-hover-color=\"#FFFFFF\" class=\"qbutton  default\" style=\"color: #000000; background-color:#FFFFFF;\">ZUM SHOP<\/a>\t\t\t\t<\/div>\n\t\t\t\t<\/div>\n\t\t\t\t<\/div>\n\t\t<div class=\"elementor-element elementor-element-6d70d8bf e-con-full e-flex parallax_section_no qode_elementor_container_no e-con e-child\" data-id=\"6d70d8bf\" data-element_type=\"container\">\n\t\t\t\t<div class=\"elementor-element elementor-element-1824e5de elementor-widget elementor-widget-bridge_image_gallery\" data-id=\"1824e5de\" data-element_type=\"widget\" data-widget_type=\"bridge_image_gallery.default\">\n\t\t\t\t<div class=\"elementor-widget-container\">\n\t\t\t\t\t<div class=\"qode-image-gallery\"><div class=\"qode-image-gallery-inner\"><div class=\"qode-image-gallery-slides has_control_nav drag_enabled flexslider_slide flexslider\" data-interval=\"0\"data-flex_fx=\"slide\" data-control=\"true\" data-direction=\"true\" data-drag=\"true\"><ul class=\"slides\"><li><img decoding=\"async\" src=\"https:\/\/www.atiartisticu.com\/wp-content\/uploads\/2025\/05\/Linea-SerieCONF-Atiartisticu.jpg\" \/><\/li><li><img decoding=\"async\" src=\"https:\/\/www.atiartisticu.com\/wp-content\/uploads\/2025\/05\/Linea-SeriePP-Atiartisticu.jpg\" \/><\/li><li><img decoding=\"async\" src=\"https:\/\/www.atiartisticu.com\/wp-content\/uploads\/2025\/05\/Linea-SerieP-Atiartisticu.jpg\" \/><\/li><li><img decoding=\"async\" src=\"https:\/\/www.atiartisticu.com\/wp-content\/uploads\/2025\/05\/Linea-SerieN-Atiartisticu.jpg\" \/><\/li><li><img decoding=\"async\" src=\"https:\/\/www.atiartisticu.com\/wp-content\/uploads\/2025\/05\/Linea-SerieM-Atiartisticu.jpg\" \/><\/li><li><img decoding=\"async\" src=\"https:\/\/www.atiartisticu.com\/wp-content\/uploads\/2025\/05\/Linea-SerieG-Atiartisticu.jpg\" \/><\/li><li><img decoding=\"async\" src=\"https:\/\/www.atiartisticu.com\/wp-content\/uploads\/2025\/04\/gallery-casette-atiartisticu-1.jpg\" \/><div class=\"qode-image-slider-description\"><p>Scopri le casette Atiartisticu, creazione artigianale in trachite sarda e dettagli in argento, ideali per arredare con stile la tua casa.<\/p><\/div><\/li><\/div><\/div><\/div>\t\t\t\t<\/div>\n\t\t\t\t<\/div>\n\t\t\t\t<\/div>\n\t\t\t\t<\/div>\n\t\t\t\t<\/div>\n\t\t","protected":false},"excerpt":{"rendered":"<p>Atiartisticu Das Labor Im Herzen Sardiniens, eingebettet in das Gr\u00fcn eines malerischen Dorfes am Fu\u00dfe des\u00a0MontiFerru, befindet sich das kleine Atelier\u00a0Atiartisticu\u00a0in\u00a0Narbolia, ein Ort, an dem Tradition und Innovation auf Natur treffen und wertvolle Kunstwerke entstehen.Eine Werkstatt, in der in Handwerklicher und Kunstvoller Bearbeitung der Steine, die H\u00e4user aus Trachyt mit Silbereins\u00e4tzen entstehen sowie andere Dekorationsobjekte f\u00fcr das Haus, wie Lampen,&#8230;<\/p>\n","protected":false},"author":1,"featured_media":0,"parent":0,"menu_order":0,"comment_status":"closed","ping_status":"closed","template":"full_width.php","meta":{"footnotes":""},"class_list":["post-11906","page","type-page","status-publish","hentry"],"yoast_head":"<!-- This site is optimized with the Yoast SEO plugin v26.2 - https:\/\/yoast.com\/wordpress\/plugins\/seo\/ -->\n<title>Atiartisticu Werkstatt: Kunsthandwerk &amp; Design aus Sardinien<\/title>\n<meta name=\"description\" content=\"Entdecken Sie die Werkstatt von Atiartisticu in Narbolia, Sardinien. Kunsthandwerk, Design, Trachyt-H\u00e4user und Schmuck inspiriert von Tradition und Natur.\" \/>\n<meta name=\"robots\" content=\"index, follow, max-snippet:-1, max-image-preview:large, max-video-preview:-1\" \/>\n<link rel=\"canonical\" href=\"https:\/\/www.atiartisticu.com\/de\/die-werkstatt\/\" \/>\n<meta property=\"og:locale\" content=\"de_DE\" \/>\n<meta property=\"og:type\" content=\"article\" \/>\n<meta property=\"og:title\" content=\"Atiartisticu Werkstatt: Kunsthandwerk &amp; Design aus Sardinien\" \/>\n<meta property=\"og:description\" content=\"Entdecken Sie die Werkstatt von Atiartisticu in Narbolia, Sardinien. Kunsthandwerk, Design, Trachyt-H\u00e4user und Schmuck inspiriert von Tradition und Natur.\" \/>\n<meta property=\"og:url\" content=\"https:\/\/www.atiartisticu.com\/de\/die-werkstatt\/\" \/>\n<meta property=\"og:site_name\" content=\"Atiartisticu\" \/>\n<meta property=\"article:modified_time\" content=\"2025-10-31T10:33:51+00:00\" \/>\n<meta property=\"og:image\" content=\"https:\/\/www.atiartisticu.com\/wp-content\/uploads\/2025\/04\/titolo-produzione.jpg\" \/>\n<meta name=\"twitter:card\" content=\"summary_large_image\" \/>\n<meta name=\"twitter:label1\" content=\"Gesch\u00e4tzte Lesezeit\" \/>\n\t<meta name=\"twitter:data1\" content=\"5\u00a0Minuten\" \/>\n<script type=\"application\/ld+json\" class=\"yoast-schema-graph\">{\"@context\":\"https:\/\/schema.org\",\"@graph\":[{\"@type\":\"WebPage\",\"@id\":\"https:\/\/www.atiartisticu.com\/de\/die-werkstatt\/\",\"url\":\"https:\/\/www.atiartisticu.com\/de\/die-werkstatt\/\",\"name\":\"Atiartisticu Werkstatt: Kunsthandwerk & Design aus Sardinien\",\"isPartOf\":{\"@id\":\"https:\/\/www.atiartisticu.com\/de\/#website\"},\"primaryImageOfPage\":{\"@id\":\"https:\/\/www.atiartisticu.com\/de\/die-werkstatt\/#primaryimage\"},\"image\":{\"@id\":\"https:\/\/www.atiartisticu.com\/de\/die-werkstatt\/#primaryimage\"},\"thumbnailUrl\":\"https:\/\/www.atiartisticu.com\/wp-content\/uploads\/2025\/04\/titolo-produzione.jpg\",\"datePublished\":\"2025-08-07T08:50:41+00:00\",\"dateModified\":\"2025-10-31T10:33:51+00:00\",\"description\":\"Entdecken Sie die Werkstatt von Atiartisticu in Narbolia, Sardinien. Kunsthandwerk, Design, Trachyt-H\u00e4user und Schmuck inspiriert von Tradition und Natur.\",\"breadcrumb\":{\"@id\":\"https:\/\/www.atiartisticu.com\/de\/die-werkstatt\/#breadcrumb\"},\"inLanguage\":\"de\",\"potentialAction\":[{\"@type\":\"ReadAction\",\"target\":[\"https:\/\/www.atiartisticu.com\/de\/die-werkstatt\/\"]}]},{\"@type\":\"ImageObject\",\"inLanguage\":\"de\",\"@id\":\"https:\/\/www.atiartisticu.com\/de\/die-werkstatt\/#primaryimage\",\"url\":\"https:\/\/www.atiartisticu.com\/wp-content\/uploads\/2025\/04\/titolo-produzione.jpg\",\"contentUrl\":\"https:\/\/www.atiartisticu.com\/wp-content\/uploads\/2025\/04\/titolo-produzione.jpg\"},{\"@type\":\"BreadcrumbList\",\"@id\":\"https:\/\/www.atiartisticu.com\/de\/die-werkstatt\/#breadcrumb\",\"itemListElement\":[{\"@type\":\"ListItem\",\"position\":1,\"name\":\"Home\",\"item\":\"https:\/\/www.atiartisticu.com\/de\/\"},{\"@type\":\"ListItem\",\"position\":2,\"name\":\"Die Werkstatt\"}]},{\"@type\":\"WebSite\",\"@id\":\"https:\/\/www.atiartisticu.com\/de\/#website\",\"url\":\"https:\/\/www.atiartisticu.com\/de\/\",\"name\":\"Atiartisticu\",\"description\":\"\",\"potentialAction\":[{\"@type\":\"SearchAction\",\"target\":{\"@type\":\"EntryPoint\",\"urlTemplate\":\"https:\/\/www.atiartisticu.com\/de\/?s={search_term_string}\"},\"query-input\":{\"@type\":\"PropertyValueSpecification\",\"valueRequired\":true,\"valueName\":\"search_term_string\"}}],\"inLanguage\":\"de\"}]}<\/script>\n<!-- \/ Yoast SEO plugin. -->","yoast_head_json":{"title":"Atiartisticu Werkstatt: Kunsthandwerk & Design aus Sardinien","description":"Entdecken Sie die Werkstatt von Atiartisticu in Narbolia, Sardinien. Kunsthandwerk, Design, Trachyt-H\u00e4user und Schmuck inspiriert von Tradition und Natur.","robots":{"index":"index","follow":"follow","max-snippet":"max-snippet:-1","max-image-preview":"max-image-preview:large","max-video-preview":"max-video-preview:-1"},"canonical":"https:\/\/www.atiartisticu.com\/de\/die-werkstatt\/","og_locale":"de_DE","og_type":"article","og_title":"Atiartisticu Werkstatt: Kunsthandwerk & Design aus Sardinien","og_description":"Entdecken Sie die Werkstatt von Atiartisticu in Narbolia, Sardinien. Kunsthandwerk, Design, Trachyt-H\u00e4user und Schmuck inspiriert von Tradition und Natur.","og_url":"https:\/\/www.atiartisticu.com\/de\/die-werkstatt\/","og_site_name":"Atiartisticu","article_modified_time":"2025-10-31T10:33:51+00:00","og_image":[{"url":"https:\/\/www.atiartisticu.com\/wp-content\/uploads\/2025\/04\/titolo-produzione.jpg","type":"","width":"","height":""}],"twitter_card":"summary_large_image","twitter_misc":{"Gesch\u00e4tzte Lesezeit":"5\u00a0Minuten"},"schema":{"@context":"https:\/\/schema.org","@graph":[{"@type":"WebPage","@id":"https:\/\/www.atiartisticu.com\/de\/die-werkstatt\/","url":"https:\/\/www.atiartisticu.com\/de\/die-werkstatt\/","name":"Atiartisticu Werkstatt: Kunsthandwerk & Design aus Sardinien","isPartOf":{"@id":"https:\/\/www.atiartisticu.com\/de\/#website"},"primaryImageOfPage":{"@id":"https:\/\/www.atiartisticu.com\/de\/die-werkstatt\/#primaryimage"},"image":{"@id":"https:\/\/www.atiartisticu.com\/de\/die-werkstatt\/#primaryimage"},"thumbnailUrl":"https:\/\/www.atiartisticu.com\/wp-content\/uploads\/2025\/04\/titolo-produzione.jpg","datePublished":"2025-08-07T08:50:41+00:00","dateModified":"2025-10-31T10:33:51+00:00","description":"Entdecken Sie die Werkstatt von Atiartisticu in Narbolia, Sardinien. Kunsthandwerk, Design, Trachyt-H\u00e4user und Schmuck inspiriert von Tradition und Natur.","breadcrumb":{"@id":"https:\/\/www.atiartisticu.com\/de\/die-werkstatt\/#breadcrumb"},"inLanguage":"de","potentialAction":[{"@type":"ReadAction","target":["https:\/\/www.atiartisticu.com\/de\/die-werkstatt\/"]}]},{"@type":"ImageObject","inLanguage":"de","@id":"https:\/\/www.atiartisticu.com\/de\/die-werkstatt\/#primaryimage","url":"https:\/\/www.atiartisticu.com\/wp-content\/uploads\/2025\/04\/titolo-produzione.jpg","contentUrl":"https:\/\/www.atiartisticu.com\/wp-content\/uploads\/2025\/04\/titolo-produzione.jpg"},{"@type":"BreadcrumbList","@id":"https:\/\/www.atiartisticu.com\/de\/die-werkstatt\/#breadcrumb","itemListElement":[{"@type":"ListItem","position":1,"name":"Home","item":"https:\/\/www.atiartisticu.com\/de\/"},{"@type":"ListItem","position":2,"name":"Die Werkstatt"}]},{"@type":"WebSite","@id":"https:\/\/www.atiartisticu.com\/de\/#website","url":"https:\/\/www.atiartisticu.com\/de\/","name":"Atiartisticu","description":"","potentialAction":[{"@type":"SearchAction","target":{"@type":"EntryPoint","urlTemplate":"https:\/\/www.atiartisticu.com\/de\/?s={search_term_string}"},"query-input":{"@type":"PropertyValueSpecification","valueRequired":true,"valueName":"search_term_string"}}],"inLanguage":"de"}]}},"_links":{"self":[{"href":"https:\/\/www.atiartisticu.com\/de\/wp-json\/wp\/v2\/pages\/11906","targetHints":{"allow":["GET"]}}],"collection":[{"href":"https:\/\/www.atiartisticu.com\/de\/wp-json\/wp\/v2\/pages"}],"about":[{"href":"https:\/\/www.atiartisticu.com\/de\/wp-json\/wp\/v2\/types\/page"}],"author":[{"embeddable":true,"href":"https:\/\/www.atiartisticu.com\/de\/wp-json\/wp\/v2\/users\/1"}],"replies":[{"embeddable":true,"href":"https:\/\/www.atiartisticu.com\/de\/wp-json\/wp\/v2\/comments?post=11906"}],"version-history":[{"count":12,"href":"https:\/\/www.atiartisticu.com\/de\/wp-json\/wp\/v2\/pages\/11906\/revisions"}],"predecessor-version":[{"id":13464,"href":"https:\/\/www.atiartisticu.com\/de\/wp-json\/wp\/v2\/pages\/11906\/revisions\/13464"}],"wp:attachment":[{"href":"https:\/\/www.atiartisticu.com\/de\/wp-json\/wp\/v2\/media?parent=11906"}],"curies":[{"name":"wp","href":"https:\/\/api.w.org\/{rel}","templated":true}]}}