{"id":11883,"date":"2025-05-08T15:10:37","date_gmt":"2025-05-08T13:10:37","guid":{"rendered":"https:\/\/www.atiartisticu.com\/prodotto\/grosses-trachit-haeuschen-mit-fenster-und-silbereinsatz-code-g1\/"},"modified":"2025-11-13T12:16:31","modified_gmt":"2025-11-13T11:16:31","slug":"grosses-trachit-haeuschen-mit-fenster-und-silbereinsatz-art-g1","status":"publish","type":"product","link":"https:\/\/www.atiartisticu.com\/de\/prodotto\/grosses-trachit-haeuschen-mit-fenster-und-silbereinsatz-art-g1\/","title":{"rendered":"Gro\u00dfes Trachyt-H\u00e4uschen mit Fenster und Silberdetail G1"},"content":{"rendered":"\t\t<div data-elementor-type=\"wp-post\" data-elementor-id=\"11883\" class=\"elementor elementor-11883 elementor-10253\">\n\t\t\t\t<div data-q_id=\"#scheda\" class=\"elementor-element elementor-element-7935059a e-flex e-con-boxed parallax_section_no qode_elementor_container_no e-con e-parent\" data-id=\"7935059a\" data-element_type=\"container\" id=\"scheda\">\n\t\t\t\t\t<div class=\"e-con-inner\">\n\t\t\t\t<div class=\"elementor-element elementor-element-2b0e3d7b elementor-widget elementor-widget-text-editor\" data-id=\"2b0e3d7b\" data-element_type=\"widget\" data-widget_type=\"text-editor.default\">\n\t\t\t\t<div class=\"elementor-widget-container\">\n\t\t\t\t\t\t\t\t\t<h3 class=\"product_title entry-title\">GROSSES TRACHYT-H\u00c4USCHEN MIT ZWEI FENSTERN UND SILBERDETAIL G2<\/h3>\t\t\t\t\t\t\t\t<\/div>\n\t\t\t\t<\/div>\n\t\t\t\t<div class=\"elementor-element elementor-element-d47fb5f elementor-widget elementor-widget-spacer\" data-id=\"d47fb5f\" data-element_type=\"widget\" data-widget_type=\"spacer.default\">\n\t\t\t\t<div class=\"elementor-widget-container\">\n\t\t\t\t\t\t\t<div class=\"elementor-spacer\">\n\t\t\t<div class=\"elementor-spacer-inner\"><\/div>\n\t\t<\/div>\n\t\t\t\t\t\t<\/div>\n\t\t\t\t<\/div>\n\t\t\t\t\t<\/div>\n\t\t\t\t<\/div>\n\t\t<div class=\"elementor-element elementor-element-7c46c29 e-con-full e-flex parallax_section_no qode_elementor_container_no e-con e-parent\" data-id=\"7c46c29\" data-element_type=\"container\">\n\t\t<div class=\"elementor-element elementor-element-b0fb54c e-con-full e-flex parallax_section_no qode_elementor_container_no e-con e-child\" data-id=\"b0fb54c\" data-element_type=\"container\">\n\t\t\t\t<div class=\"elementor-element elementor-element-3e4784a elementor-widget elementor-widget-qi_addons_for_elementor_icon_with_text\" data-id=\"3e4784a\" data-element_type=\"widget\" data-widget_type=\"qi_addons_for_elementor_icon_with_text.default\">\n\t\t\t\t<div class=\"elementor-widget-container\">\n\t\t\t\t\t<div class=\"qodef-shortcode qodef-m qodef-qi-icon-with-text qodef-layout--before-content qodef--icon-pack qodef-column-responsive--never\" >\n\t\t\t<div class=\"qodef-m-icon-wrapper\">\n\t\t\t\t<div class=\"qodef-m-icon-holder\">\n\t\t<svg aria-hidden=\"true\" class=\"e-font-icon-svg e-fas-poll\" viewBox=\"0 0 448 512\" xmlns=\"http:\/\/www.w3.org\/2000\/svg\"><path d=\"M400 32H48C21.5 32 0 53.5 0 80v352c0 26.5 21.5 48 48 48h352c26.5 0 48-21.5 48-48V80c0-26.5-21.5-48-48-48zM160 368c0 8.84-7.16 16-16 16h-32c-8.84 0-16-7.16-16-16V240c0-8.84 7.16-16 16-16h32c8.84 0 16 7.16 16 16v128zm96 0c0 8.84-7.16 16-16 16h-32c-8.84 0-16-7.16-16-16V144c0-8.84 7.16-16 16-16h32c8.84 0 16 7.16 16 16v224zm96 0c0 8.84-7.16 16-16 16h-32c-8.84 0-16-7.16-16-16v-64c0-8.84 7.16-16 16-16h32c8.84 0 16 7.16 16 16v64z\"><\/path><\/svg>\t<\/div>\n\t\t<\/div>\n\t\t<div class=\"qodef-m-content\">\n\t\t\t<h4 class=\"qodef-m-title\">\n\t\t\t\t\t<span class=\"qodef-m-title-text\">FARBE DES STEINS<\/span>\n\t\t\t<\/h4>\n\t\t\t\t\t<div class=\"qodef-m-text\"><p><strong>Die Farbe des Steins ist nur repr\u00e4sentativ und kann, da es sich um Naturstein handelt, je nach Verf\u00fcgbarkeit des Materials variieren.<\/strong><\/p><\/div>\n\t\t\t<\/div>\n<\/div>\n\t\t\t\t<\/div>\n\t\t\t\t<\/div>\n\t\t\t\t<div class=\"elementor-element elementor-element-9f8903e elementor-widget elementor-widget-spacer\" data-id=\"9f8903e\" data-element_type=\"widget\" data-widget_type=\"spacer.default\">\n\t\t\t\t<div class=\"elementor-widget-container\">\n\t\t\t\t\t\t\t<div class=\"elementor-spacer\">\n\t\t\t<div class=\"elementor-spacer-inner\"><\/div>\n\t\t<\/div>\n\t\t\t\t\t\t<\/div>\n\t\t\t\t<\/div>\n\t\t\t\t<\/div>\n\t\t<div class=\"elementor-element elementor-element-3d34d3e e-con-full e-flex parallax_section_no qode_elementor_container_no e-con e-child\" data-id=\"3d34d3e\" data-element_type=\"container\">\n\t\t\t\t<div class=\"elementor-element elementor-element-cd001fa elementor-widget elementor-widget-image\" data-id=\"cd001fa\" data-element_type=\"widget\" data-widget_type=\"image.default\">\n\t\t\t\t<div class=\"elementor-widget-container\">\n\t\t\t\t\t\t\t\t\t\t\t\t\t\t\t<img fetchpriority=\"high\" decoding=\"async\" width=\"1860\" height=\"1000\" src=\"https:\/\/www.atiartisticu.com\/wp-content\/uploads\/2025\/05\/colorazione-pietra-atiartisticu.jpg\" class=\"attachment-full size-full wp-image-11756\" alt=\"\" srcset=\"https:\/\/www.atiartisticu.com\/wp-content\/uploads\/2025\/05\/colorazione-pietra-atiartisticu.jpg 1860w, https:\/\/www.atiartisticu.com\/wp-content\/uploads\/2025\/05\/colorazione-pietra-atiartisticu-600x323.jpg 600w, https:\/\/www.atiartisticu.com\/wp-content\/uploads\/2025\/05\/colorazione-pietra-atiartisticu-300x161.jpg 300w, https:\/\/www.atiartisticu.com\/wp-content\/uploads\/2025\/05\/colorazione-pietra-atiartisticu-1024x551.jpg 1024w, https:\/\/www.atiartisticu.com\/wp-content\/uploads\/2025\/05\/colorazione-pietra-atiartisticu-768x413.jpg 768w, https:\/\/www.atiartisticu.com\/wp-content\/uploads\/2025\/05\/colorazione-pietra-atiartisticu-1536x826.jpg 1536w, https:\/\/www.atiartisticu.com\/wp-content\/uploads\/2025\/05\/colorazione-pietra-atiartisticu-700x376.jpg 700w\" sizes=\"(max-width: 1860px) 100vw, 1860px\" \/>\t\t\t\t\t\t\t\t\t\t\t\t\t\t\t<\/div>\n\t\t\t\t<\/div>\n\t\t\t\t<\/div>\n\t\t<div class=\"elementor-element elementor-element-4804538 e-con-full e-flex parallax_section_no qode_elementor_container_no e-con e-child\" data-id=\"4804538\" data-element_type=\"container\">\n\t\t\t\t<div class=\"elementor-element elementor-element-6a644de elementor-widget elementor-widget-qi_addons_for_elementor_icon_with_text\" data-id=\"6a644de\" data-element_type=\"widget\" data-widget_type=\"qi_addons_for_elementor_icon_with_text.default\">\n\t\t\t\t<div class=\"elementor-widget-container\">\n\t\t\t\t\t<div class=\"qodef-shortcode qodef-m qodef-qi-icon-with-text qodef-layout--before-content qodef--icon-pack qodef-column-responsive--never\" >\n\t\t\t<div class=\"qodef-m-icon-wrapper\">\n\t\t\t\t<div class=\"qodef-m-icon-holder\">\n\t\t<svg aria-hidden=\"true\" class=\"e-font-icon-svg e-fas-pencil-ruler\" viewBox=\"0 0 512 512\" xmlns=\"http:\/\/www.w3.org\/2000\/svg\"><path d=\"M109.46 244.04l134.58-134.56-44.12-44.12-61.68 61.68a7.919 7.919 0 0 1-11.21 0l-11.21-11.21c-3.1-3.1-3.1-8.12 0-11.21l61.68-61.68-33.64-33.65C131.47-3.1 111.39-3.1 99 9.29L9.29 99c-12.38 12.39-12.39 32.47 0 44.86l100.17 100.18zm388.47-116.8c18.76-18.76 18.75-49.17 0-67.93l-45.25-45.25c-18.76-18.76-49.18-18.76-67.95 0l-46.02 46.01 113.2 113.2 46.02-46.03zM316.08 82.71l-297 296.96L.32 487.11c-2.53 14.49 10.09 27.11 24.59 24.56l107.45-18.84L429.28 195.9 316.08 82.71zm186.63 285.43l-33.64-33.64-61.68 61.68c-3.1 3.1-8.12 3.1-11.21 0l-11.21-11.21c-3.09-3.1-3.09-8.12 0-11.21l61.68-61.68-44.14-44.14L267.93 402.5l100.21 100.2c12.39 12.39 32.47 12.39 44.86 0l89.71-89.7c12.39-12.39 12.39-32.47 0-44.86z\"><\/path><\/svg>\t<\/div>\n\t\t<\/div>\n\t\t<div class=\"qodef-m-content\">\n\t\t\t<h4 class=\"qodef-m-title\">\n\t\t\t\t\t<span class=\"qodef-m-title-text\">Abmessungen<\/span>\n\t\t\t<\/h4>\n\t\t\t\t\t<div class=\"qodef-m-text\"><p>L 15 cm x H 17 cm x T 8 cm<\/p><p><strong><em>Die\u00a0Ma\u00dfe\u00a0k\u00f6nnen leicht variieren, da es sich um handgefertigte Unikate handelt.<\/em><\/strong><\/p><\/div>\n\t\t\t<\/div>\n<\/div>\n\t\t\t\t<\/div>\n\t\t\t\t<\/div>\n\t\t\t\t<div class=\"elementor-element elementor-element-69d4894 elementor-widget elementor-widget-spacer\" data-id=\"69d4894\" data-element_type=\"widget\" data-widget_type=\"spacer.default\">\n\t\t\t\t<div class=\"elementor-widget-container\">\n\t\t\t\t\t\t\t<div class=\"elementor-spacer\">\n\t\t\t<div class=\"elementor-spacer-inner\"><\/div>\n\t\t<\/div>\n\t\t\t\t\t\t<\/div>\n\t\t\t\t<\/div>\n\t\t\t\t<\/div>\n\t\t<div class=\"elementor-element elementor-element-a783f9a e-con-full e-flex parallax_section_no qode_elementor_container_no e-con e-child\" data-id=\"a783f9a\" data-element_type=\"container\">\n\t\t\t\t<div class=\"elementor-element elementor-element-6865ef3 elementor-widget elementor-widget-image\" data-id=\"6865ef3\" data-element_type=\"widget\" data-widget_type=\"image.default\">\n\t\t\t\t<div class=\"elementor-widget-container\">\n\t\t\t\t\t\t\t\t\t\t\t\t\t\t\t<img decoding=\"async\" width=\"1860\" height=\"1000\" src=\"https:\/\/www.atiartisticu.com\/wp-content\/uploads\/2025\/05\/Casetta-trachite-sarda-atiartisticu-G1-dimensioni.jpg\" class=\"attachment-full size-full wp-image-11757\" alt=\"\" srcset=\"https:\/\/www.atiartisticu.com\/wp-content\/uploads\/2025\/05\/Casetta-trachite-sarda-atiartisticu-G1-dimensioni.jpg 1860w, https:\/\/www.atiartisticu.com\/wp-content\/uploads\/2025\/05\/Casetta-trachite-sarda-atiartisticu-G1-dimensioni-600x323.jpg 600w, https:\/\/www.atiartisticu.com\/wp-content\/uploads\/2025\/05\/Casetta-trachite-sarda-atiartisticu-G1-dimensioni-300x161.jpg 300w, https:\/\/www.atiartisticu.com\/wp-content\/uploads\/2025\/05\/Casetta-trachite-sarda-atiartisticu-G1-dimensioni-1024x551.jpg 1024w, https:\/\/www.atiartisticu.com\/wp-content\/uploads\/2025\/05\/Casetta-trachite-sarda-atiartisticu-G1-dimensioni-768x413.jpg 768w, https:\/\/www.atiartisticu.com\/wp-content\/uploads\/2025\/05\/Casetta-trachite-sarda-atiartisticu-G1-dimensioni-1536x826.jpg 1536w, https:\/\/www.atiartisticu.com\/wp-content\/uploads\/2025\/05\/Casetta-trachite-sarda-atiartisticu-G1-dimensioni-700x376.jpg 700w\" sizes=\"(max-width: 1860px) 100vw, 1860px\" \/>\t\t\t\t\t\t\t\t\t\t\t\t\t\t\t<\/div>\n\t\t\t\t<\/div>\n\t\t\t\t<\/div>\n\t\t<div class=\"elementor-element elementor-element-2b9ff60 e-con-full e-flex parallax_section_no qode_elementor_container_no e-con e-child\" data-id=\"2b9ff60\" data-element_type=\"container\">\n\t\t\t\t<div class=\"elementor-element elementor-element-2249919 elementor-widget elementor-widget-qi_addons_for_elementor_icon_with_text\" data-id=\"2249919\" data-element_type=\"widget\" data-widget_type=\"qi_addons_for_elementor_icon_with_text.default\">\n\t\t\t\t<div class=\"elementor-widget-container\">\n\t\t\t\t\t<div class=\"qodef-shortcode qodef-m qodef-qi-icon-with-text qodef-layout--before-content qodef--icon-pack qodef-column-responsive--never\" >\n\t\t\t<div class=\"qodef-m-icon-wrapper\">\n\t\t\t\t<div class=\"qodef-m-icon-holder\">\n\t\t<svg aria-hidden=\"true\" class=\"e-font-icon-svg e-fas-certificate\" viewBox=\"0 0 512 512\" xmlns=\"http:\/\/www.w3.org\/2000\/svg\"><path d=\"M458.622 255.92l45.985-45.005c13.708-12.977 7.316-36.039-10.664-40.339l-62.65-15.99 17.661-62.015c4.991-17.838-11.829-34.663-29.661-29.671l-61.994 17.667-15.984-62.671C337.085.197 313.765-6.276 300.99 7.228L256 53.57 211.011 7.229c-12.63-13.351-36.047-7.234-40.325 10.668l-15.984 62.671-61.995-17.667C74.87 57.907 58.056 74.738 63.046 92.572l17.661 62.015-62.65 15.99C.069 174.878-6.31 197.944 7.392 210.915l45.985 45.005-45.985 45.004c-13.708 12.977-7.316 36.039 10.664 40.339l62.65 15.99-17.661 62.015c-4.991 17.838 11.829 34.663 29.661 29.671l61.994-17.667 15.984 62.671c4.439 18.575 27.696 24.018 40.325 10.668L256 458.61l44.989 46.001c12.5 13.488 35.987 7.486 40.325-10.668l15.984-62.671 61.994 17.667c17.836 4.994 34.651-11.837 29.661-29.671l-17.661-62.015 62.65-15.99c17.987-4.302 24.366-27.367 10.664-40.339l-45.984-45.004z\"><\/path><\/svg>\t<\/div>\n\t\t<\/div>\n\t\t<div class=\"qodef-m-content\">\n\t\t\t<h4 class=\"qodef-m-title\">\n\t\t\t\t\t<span class=\"qodef-m-title-text\">SILBERDETAILS<\/span>\n\t\t\t<\/h4>\n\t\t\t\t\t<div class=\"qodef-m-text\"><div><strong><span style=\"font-size: large\">Die Silberdetails k\u00f6nnen je nach Verf\u00fcgbarkeit leicht von der Abbildung abweichen.<\/span><\/strong><\/div><div>\u00a0<\/div><div><span style=\"font-size: large\">Mit der Zeit k\u00f6nnen die Silberdetails durch Witterungseinfl\u00fcsse eine nat\u00fcrliche Patina entwickeln. Um ihren Glanz zu erhalten, gen\u00fcgt es, sie gelegentlich mit einem weichen, leicht mit Alkohol befeuchteten Tuch zu r<\/span><span style=\"font-size: large\">einigen<\/span><span style=\"font-size: large\">.<\/span><\/div><\/div>\n\t\t\t<\/div>\n<\/div>\n\t\t\t\t<\/div>\n\t\t\t\t<\/div>\n\t\t\t\t<div class=\"elementor-element elementor-element-987f13c elementor-widget elementor-widget-spacer\" data-id=\"987f13c\" data-element_type=\"widget\" data-widget_type=\"spacer.default\">\n\t\t\t\t<div class=\"elementor-widget-container\">\n\t\t\t\t\t\t\t<div class=\"elementor-spacer\">\n\t\t\t<div class=\"elementor-spacer-inner\"><\/div>\n\t\t<\/div>\n\t\t\t\t\t\t<\/div>\n\t\t\t\t<\/div>\n\t\t\t\t<\/div>\n\t\t<div class=\"elementor-element elementor-element-4fdee48 e-con-full e-flex parallax_section_no qode_elementor_container_no e-con e-child\" data-id=\"4fdee48\" data-element_type=\"container\">\n\t\t\t\t<div class=\"elementor-element elementor-element-50e8ba3 elementor-widget elementor-widget-image\" data-id=\"50e8ba3\" data-element_type=\"widget\" data-widget_type=\"image.default\">\n\t\t\t\t<div class=\"elementor-widget-container\">\n\t\t\t\t\t\t\t\t\t\t\t\t\t\t\t<img decoding=\"async\" width=\"1860\" height=\"1000\" src=\"https:\/\/www.atiartisticu.com\/wp-content\/uploads\/2025\/05\/inserto-argento-atiartisticu-SerieG.jpg\" class=\"attachment-full size-full wp-image-11759\" alt=\"\" srcset=\"https:\/\/www.atiartisticu.com\/wp-content\/uploads\/2025\/05\/inserto-argento-atiartisticu-SerieG.jpg 1860w, https:\/\/www.atiartisticu.com\/wp-content\/uploads\/2025\/05\/inserto-argento-atiartisticu-SerieG-600x323.jpg 600w, https:\/\/www.atiartisticu.com\/wp-content\/uploads\/2025\/05\/inserto-argento-atiartisticu-SerieG-300x161.jpg 300w, https:\/\/www.atiartisticu.com\/wp-content\/uploads\/2025\/05\/inserto-argento-atiartisticu-SerieG-1024x551.jpg 1024w, https:\/\/www.atiartisticu.com\/wp-content\/uploads\/2025\/05\/inserto-argento-atiartisticu-SerieG-768x413.jpg 768w, https:\/\/www.atiartisticu.com\/wp-content\/uploads\/2025\/05\/inserto-argento-atiartisticu-SerieG-1536x826.jpg 1536w, https:\/\/www.atiartisticu.com\/wp-content\/uploads\/2025\/05\/inserto-argento-atiartisticu-SerieG-700x376.jpg 700w\" sizes=\"(max-width: 1860px) 100vw, 1860px\" \/>\t\t\t\t\t\t\t\t\t\t\t\t\t\t\t<\/div>\n\t\t\t\t<\/div>\n\t\t\t\t<\/div>\n\t\t\t\t<\/div>\n\t\t<div class=\"elementor-element elementor-element-2b1ea41 e-con-full e-flex parallax_section_no qode_elementor_container_no e-con e-parent\" data-id=\"2b1ea41\" data-element_type=\"container\">\n\t\t\t\t<div class=\"elementor-element elementor-element-42b24a7 elementor-widget elementor-widget-spacer\" data-id=\"42b24a7\" data-element_type=\"widget\" data-widget_type=\"spacer.default\">\n\t\t\t\t<div class=\"elementor-widget-container\">\n\t\t\t\t\t\t\t<div class=\"elementor-spacer\">\n\t\t\t<div class=\"elementor-spacer-inner\"><\/div>\n\t\t<\/div>\n\t\t\t\t\t\t<\/div>\n\t\t\t\t<\/div>\n\t\t\t\t<div class=\"elementor-element elementor-element-3b20a27 elementor-widget elementor-widget-heading\" data-id=\"3b20a27\" data-element_type=\"widget\" data-widget_type=\"heading.default\">\n\t\t\t\t<div class=\"elementor-widget-container\">\n\t\t\t\t\t<h4 class=\"elementor-heading-title elementor-size-default\">MASSGESCHNEIDERTER SERVICE<\/h4>\t\t\t\t<\/div>\n\t\t\t\t<\/div>\n\t\t\t\t<div class=\"elementor-element elementor-element-3cd03e7 elementor-widget elementor-widget-text-editor\" data-id=\"3cd03e7\" data-element_type=\"widget\" data-widget_type=\"text-editor.default\">\n\t\t\t\t<div class=\"elementor-widget-container\">\n\t\t\t\t\t\t\t\t\t<p>F\u00fcr besondere W\u00fcnsche kontaktieren Sie uns bitte direkt. Wir werden versuchen, Ihren Anforderungen entgegenzukommen und eine L\u00f6sung zu finden, die Sie zufriedenstellt.<br>\n  <g>Der Service k\u00f6nnte zus\u00e4tzliche Kosten verursachen.<\/g>\n<\/p>\t\t\t\t\t\t\t\t<\/div>\n\t\t\t\t<\/div>\n\t\t\t\t<\/div>\n\t\t\t\t<\/div>\n\t\t","protected":false},"excerpt":{"rendered":"<p>Ideal zur Dekoration von G\u00e4rten, Terrassen oder Wohnr\u00e4umen.<br \/>\nDa es sich um volumin\u00f6se und schwere H\u00e4uschen handelt, wird eine sorgf\u00e4ltige Platzierung nach dem Kauf empfohlen.<\/p>\n<p><a style=\"text-decoration: underline !important;\" href=\"#scheda\"><br \/>\n<strong>Technisches Datenblatt lesen<\/strong><br \/>\n<\/a><\/p>\n","protected":false},"featured_media":13604,"template":"","meta":[],"product_brand":[],"product_cat":[108],"product_tag":[],"class_list":{"0":"post-11883","1":"product","2":"type-product","3":"status-publish","4":"has-post-thumbnail","6":"product_cat-linie-g","8":"first","9":"instock","10":"taxable","11":"shipping-taxable","12":"purchasable","13":"product-type-simple"},"yoast_head":"<!-- This site is optimized with the Yoast SEO plugin v26.2 - https:\/\/yoast.com\/wordpress\/plugins\/seo\/ -->\n<title>Gro\u00dfes Trachyt-H\u00e4uschen mit Fenster und Silberdetail G1 - Atiartisticu<\/title>\n<meta name=\"robots\" content=\"index, follow, max-snippet:-1, max-image-preview:large, max-video-preview:-1\" \/>\n<link rel=\"canonical\" href=\"https:\/\/www.atiartisticu.com\/de\/prodotto\/grosses-trachit-haeuschen-mit-fenster-und-silbereinsatz-art-g1\/\" \/>\n<meta property=\"og:locale\" content=\"de_DE\" \/>\n<meta property=\"og:type\" content=\"article\" \/>\n<meta property=\"og:title\" content=\"Gro\u00dfes Trachyt-H\u00e4uschen mit Fenster und Silberdetail G1 - Atiartisticu\" \/>\n<meta property=\"og:description\" content=\"Ideal zur Dekoration von G\u00e4rten, Terrassen oder Wohnr\u00e4umen. Da es sich um volumin\u00f6se und schwere H\u00e4uschen handelt, wird eine sorgf\u00e4ltige Platzierung nach dem Kauf empfohlen.   Technisches Datenblatt lesen\" \/>\n<meta property=\"og:url\" content=\"https:\/\/www.atiartisticu.com\/de\/prodotto\/grosses-trachit-haeuschen-mit-fenster-und-silbereinsatz-art-g1\/\" \/>\n<meta property=\"og:site_name\" content=\"Atiartisticu\" \/>\n<meta property=\"article:modified_time\" content=\"2025-11-13T11:16:31+00:00\" \/>\n<meta property=\"og:image\" content=\"https:\/\/www.atiartisticu.com\/wp-content\/uploads\/2025\/05\/Casetta-trachite-sarda-atiartisticu-G1-1.jpg\" \/>\n\t<meta property=\"og:image:width\" content=\"1000\" \/>\n\t<meta property=\"og:image:height\" content=\"1000\" \/>\n\t<meta property=\"og:image:type\" content=\"image\/jpeg\" \/>\n<meta name=\"twitter:card\" content=\"summary_large_image\" \/>\n<meta name=\"twitter:label1\" content=\"Gesch\u00e4tzte Lesezeit\" \/>\n\t<meta name=\"twitter:data1\" content=\"2\u00a0Minuten\" \/>\n<script type=\"application\/ld+json\" class=\"yoast-schema-graph\">{\"@context\":\"https:\/\/schema.org\",\"@graph\":[{\"@type\":\"WebPage\",\"@id\":\"https:\/\/www.atiartisticu.com\/de\/prodotto\/grosses-trachit-haeuschen-mit-fenster-und-silbereinsatz-art-g1\/\",\"url\":\"https:\/\/www.atiartisticu.com\/de\/prodotto\/grosses-trachit-haeuschen-mit-fenster-und-silbereinsatz-art-g1\/\",\"name\":\"Gro\u00dfes Trachyt-H\u00e4uschen mit Fenster und Silberdetail G1 - Atiartisticu\",\"isPartOf\":{\"@id\":\"https:\/\/www.atiartisticu.com\/de\/#website\"},\"primaryImageOfPage\":{\"@id\":\"https:\/\/www.atiartisticu.com\/de\/prodotto\/grosses-trachit-haeuschen-mit-fenster-und-silbereinsatz-art-g1\/#primaryimage\"},\"image\":{\"@id\":\"https:\/\/www.atiartisticu.com\/de\/prodotto\/grosses-trachit-haeuschen-mit-fenster-und-silbereinsatz-art-g1\/#primaryimage\"},\"thumbnailUrl\":\"https:\/\/www.atiartisticu.com\/wp-content\/uploads\/2025\/05\/Casetta-trachite-sarda-atiartisticu-G1-1.jpg\",\"datePublished\":\"2025-05-08T13:10:37+00:00\",\"dateModified\":\"2025-11-13T11:16:31+00:00\",\"breadcrumb\":{\"@id\":\"https:\/\/www.atiartisticu.com\/de\/prodotto\/grosses-trachit-haeuschen-mit-fenster-und-silbereinsatz-art-g1\/#breadcrumb\"},\"inLanguage\":\"de\",\"potentialAction\":[{\"@type\":\"ReadAction\",\"target\":[\"https:\/\/www.atiartisticu.com\/de\/prodotto\/grosses-trachit-haeuschen-mit-fenster-und-silbereinsatz-art-g1\/\"]}]},{\"@type\":\"ImageObject\",\"inLanguage\":\"de\",\"@id\":\"https:\/\/www.atiartisticu.com\/de\/prodotto\/grosses-trachit-haeuschen-mit-fenster-und-silbereinsatz-art-g1\/#primaryimage\",\"url\":\"https:\/\/www.atiartisticu.com\/wp-content\/uploads\/2025\/05\/Casetta-trachite-sarda-atiartisticu-G1-1.jpg\",\"contentUrl\":\"https:\/\/www.atiartisticu.com\/wp-content\/uploads\/2025\/05\/Casetta-trachite-sarda-atiartisticu-G1-1.jpg\",\"width\":1000,\"height\":1000,\"caption\":\"Casetta in trachite e argento\"},{\"@type\":\"BreadcrumbList\",\"@id\":\"https:\/\/www.atiartisticu.com\/de\/prodotto\/grosses-trachit-haeuschen-mit-fenster-und-silbereinsatz-art-g1\/#breadcrumb\",\"itemListElement\":[{\"@type\":\"ListItem\",\"position\":1,\"name\":\"Home\",\"item\":\"https:\/\/www.atiartisticu.com\/de\/\"},{\"@type\":\"ListItem\",\"position\":2,\"name\":\"Shop\",\"item\":\"https:\/\/www.atiartisticu.com\/de\/shop\/\"},{\"@type\":\"ListItem\",\"position\":3,\"name\":\"Gro\u00dfes Trachyt-H\u00e4uschen mit Fenster und Silberdetail G1\"}]},{\"@type\":\"WebSite\",\"@id\":\"https:\/\/www.atiartisticu.com\/de\/#website\",\"url\":\"https:\/\/www.atiartisticu.com\/de\/\",\"name\":\"Atiartisticu\",\"description\":\"\",\"potentialAction\":[{\"@type\":\"SearchAction\",\"target\":{\"@type\":\"EntryPoint\",\"urlTemplate\":\"https:\/\/www.atiartisticu.com\/de\/?s={search_term_string}\"},\"query-input\":{\"@type\":\"PropertyValueSpecification\",\"valueRequired\":true,\"valueName\":\"search_term_string\"}}],\"inLanguage\":\"de\"}]}<\/script>\n<!-- \/ Yoast SEO plugin. -->","yoast_head_json":{"title":"Gro\u00dfes Trachyt-H\u00e4uschen mit Fenster und Silberdetail G1 - Atiartisticu","robots":{"index":"index","follow":"follow","max-snippet":"max-snippet:-1","max-image-preview":"max-image-preview:large","max-video-preview":"max-video-preview:-1"},"canonical":"https:\/\/www.atiartisticu.com\/de\/prodotto\/grosses-trachit-haeuschen-mit-fenster-und-silbereinsatz-art-g1\/","og_locale":"de_DE","og_type":"article","og_title":"Gro\u00dfes Trachyt-H\u00e4uschen mit Fenster und Silberdetail G1 - Atiartisticu","og_description":"Ideal zur Dekoration von G\u00e4rten, Terrassen oder Wohnr\u00e4umen. Da es sich um volumin\u00f6se und schwere H\u00e4uschen handelt, wird eine sorgf\u00e4ltige Platzierung nach dem Kauf empfohlen.   Technisches Datenblatt lesen","og_url":"https:\/\/www.atiartisticu.com\/de\/prodotto\/grosses-trachit-haeuschen-mit-fenster-und-silbereinsatz-art-g1\/","og_site_name":"Atiartisticu","article_modified_time":"2025-11-13T11:16:31+00:00","og_image":[{"width":1000,"height":1000,"url":"https:\/\/www.atiartisticu.com\/wp-content\/uploads\/2025\/05\/Casetta-trachite-sarda-atiartisticu-G1-1.jpg","type":"image\/jpeg"}],"twitter_card":"summary_large_image","twitter_misc":{"Gesch\u00e4tzte Lesezeit":"2\u00a0Minuten"},"schema":{"@context":"https:\/\/schema.org","@graph":[{"@type":"WebPage","@id":"https:\/\/www.atiartisticu.com\/de\/prodotto\/grosses-trachit-haeuschen-mit-fenster-und-silbereinsatz-art-g1\/","url":"https:\/\/www.atiartisticu.com\/de\/prodotto\/grosses-trachit-haeuschen-mit-fenster-und-silbereinsatz-art-g1\/","name":"Gro\u00dfes Trachyt-H\u00e4uschen mit Fenster und Silberdetail G1 - Atiartisticu","isPartOf":{"@id":"https:\/\/www.atiartisticu.com\/de\/#website"},"primaryImageOfPage":{"@id":"https:\/\/www.atiartisticu.com\/de\/prodotto\/grosses-trachit-haeuschen-mit-fenster-und-silbereinsatz-art-g1\/#primaryimage"},"image":{"@id":"https:\/\/www.atiartisticu.com\/de\/prodotto\/grosses-trachit-haeuschen-mit-fenster-und-silbereinsatz-art-g1\/#primaryimage"},"thumbnailUrl":"https:\/\/www.atiartisticu.com\/wp-content\/uploads\/2025\/05\/Casetta-trachite-sarda-atiartisticu-G1-1.jpg","datePublished":"2025-05-08T13:10:37+00:00","dateModified":"2025-11-13T11:16:31+00:00","breadcrumb":{"@id":"https:\/\/www.atiartisticu.com\/de\/prodotto\/grosses-trachit-haeuschen-mit-fenster-und-silbereinsatz-art-g1\/#breadcrumb"},"inLanguage":"de","potentialAction":[{"@type":"ReadAction","target":["https:\/\/www.atiartisticu.com\/de\/prodotto\/grosses-trachit-haeuschen-mit-fenster-und-silbereinsatz-art-g1\/"]}]},{"@type":"ImageObject","inLanguage":"de","@id":"https:\/\/www.atiartisticu.com\/de\/prodotto\/grosses-trachit-haeuschen-mit-fenster-und-silbereinsatz-art-g1\/#primaryimage","url":"https:\/\/www.atiartisticu.com\/wp-content\/uploads\/2025\/05\/Casetta-trachite-sarda-atiartisticu-G1-1.jpg","contentUrl":"https:\/\/www.atiartisticu.com\/wp-content\/uploads\/2025\/05\/Casetta-trachite-sarda-atiartisticu-G1-1.jpg","width":1000,"height":1000,"caption":"Casetta in trachite e argento"},{"@type":"BreadcrumbList","@id":"https:\/\/www.atiartisticu.com\/de\/prodotto\/grosses-trachit-haeuschen-mit-fenster-und-silbereinsatz-art-g1\/#breadcrumb","itemListElement":[{"@type":"ListItem","position":1,"name":"Home","item":"https:\/\/www.atiartisticu.com\/de\/"},{"@type":"ListItem","position":2,"name":"Shop","item":"https:\/\/www.atiartisticu.com\/de\/shop\/"},{"@type":"ListItem","position":3,"name":"Gro\u00dfes Trachyt-H\u00e4uschen mit Fenster und Silberdetail G1"}]},{"@type":"WebSite","@id":"https:\/\/www.atiartisticu.com\/de\/#website","url":"https:\/\/www.atiartisticu.com\/de\/","name":"Atiartisticu","description":"","potentialAction":[{"@type":"SearchAction","target":{"@type":"EntryPoint","urlTemplate":"https:\/\/www.atiartisticu.com\/de\/?s={search_term_string}"},"query-input":{"@type":"PropertyValueSpecification","valueRequired":true,"valueName":"search_term_string"}}],"inLanguage":"de"}]}},"_links":{"self":[{"href":"https:\/\/www.atiartisticu.com\/de\/wp-json\/wp\/v2\/product\/11883","targetHints":{"allow":["GET"]}}],"collection":[{"href":"https:\/\/www.atiartisticu.com\/de\/wp-json\/wp\/v2\/product"}],"about":[{"href":"https:\/\/www.atiartisticu.com\/de\/wp-json\/wp\/v2\/types\/product"}],"version-history":[{"count":11,"href":"https:\/\/www.atiartisticu.com\/de\/wp-json\/wp\/v2\/product\/11883\/revisions"}],"predecessor-version":[{"id":14251,"href":"https:\/\/www.atiartisticu.com\/de\/wp-json\/wp\/v2\/product\/11883\/revisions\/14251"}],"wp:featuredmedia":[{"embeddable":true,"href":"https:\/\/www.atiartisticu.com\/de\/wp-json\/wp\/v2\/media\/13604"}],"wp:attachment":[{"href":"https:\/\/www.atiartisticu.com\/de\/wp-json\/wp\/v2\/media?parent=11883"}],"wp:term":[{"taxonomy":"product_brand","embeddable":true,"href":"https:\/\/www.atiartisticu.com\/de\/wp-json\/wp\/v2\/product_brand?post=11883"},{"taxonomy":"product_cat","embeddable":true,"href":"https:\/\/www.atiartisticu.com\/de\/wp-json\/wp\/v2\/product_cat?post=11883"},{"taxonomy":"product_tag","embeddable":true,"href":"https:\/\/www.atiartisticu.com\/de\/wp-json\/wp\/v2\/product_tag?post=11883"}],"curies":[{"name":"wp","href":"https:\/\/api.w.org\/{rel}","templated":true}]}}