{"id":11927,"date":"2025-05-08T15:33:18","date_gmt":"2025-05-08T13:33:18","guid":{"rendered":"https:\/\/www.atiartisticu.com\/prodotto\/grosses-trachyt-haeuschen-mit-zwei-fenstern-und-silbereinsatz-code-g2\/"},"modified":"2025-11-13T11:05:06","modified_gmt":"2025-11-13T10:05:06","slug":"grosses-trachyt-haeuschen-mit-zwei-fenstern-und-silbereinsatz-art-g2","status":"publish","type":"product","link":"https:\/\/www.atiartisticu.com\/de\/prodotto\/grosses-trachyt-haeuschen-mit-zwei-fenstern-und-silbereinsatz-art-g2\/","title":{"rendered":"Gro\u00dfes Trachyt-H\u00e4uschen mit zwei Fenstern und Silberdetail G2"},"content":{"rendered":"\t\t<div data-elementor-type=\"wp-post\" data-elementor-id=\"11927\" class=\"elementor elementor-11927 elementor-10256\">\n\t\t\t\t<div class=\"elementor-element elementor-element-72508d0f e-flex e-con-boxed parallax_section_no qode_elementor_container_no e-con e-parent\" data-id=\"72508d0f\" data-element_type=\"container\">\n\t\t\t\t\t<div class=\"e-con-inner\">\n\t\t\t\t<div class=\"elementor-element elementor-element-13c55571 elementor-widget elementor-widget-text-editor\" data-id=\"13c55571\" data-element_type=\"widget\" data-widget_type=\"text-editor.default\">\n\t\t\t\t<div class=\"elementor-widget-container\">\n\t\t\t\t\t\t\t\t\t<h3 class=\"product_title entry-title\">GROSSES TRACHYT-H\u00c4USCHEN MIT ZWEI FENSTERN UND SILBERDETAIL G2<\/h3>\t\t\t\t\t\t\t\t<\/div>\n\t\t\t\t<\/div>\n\t\t\t\t<div class=\"elementor-element elementor-element-32a30d9 elementor-widget elementor-widget-spacer\" data-id=\"32a30d9\" data-element_type=\"widget\" data-widget_type=\"spacer.default\">\n\t\t\t\t<div class=\"elementor-widget-container\">\n\t\t\t\t\t\t\t<div class=\"elementor-spacer\">\n\t\t\t<div class=\"elementor-spacer-inner\"><\/div>\n\t\t<\/div>\n\t\t\t\t\t\t<\/div>\n\t\t\t\t<\/div>\n\t\t\t\t<div class=\"elementor-element elementor-element-89f7e9b elementor-widget elementor-widget-spacer\" data-id=\"89f7e9b\" data-element_type=\"widget\" data-widget_type=\"spacer.default\">\n\t\t\t\t<div class=\"elementor-widget-container\">\n\t\t\t\t\t\t\t<div class=\"elementor-spacer\">\n\t\t\t<div class=\"elementor-spacer-inner\"><\/div>\n\t\t<\/div>\n\t\t\t\t\t\t<\/div>\n\t\t\t\t<\/div>\n\t\t\t\t<div class=\"elementor-element elementor-element-f70b976 elementor-widget elementor-widget-spacer\" data-id=\"f70b976\" data-element_type=\"widget\" data-widget_type=\"spacer.default\">\n\t\t\t\t<div class=\"elementor-widget-container\">\n\t\t\t\t\t\t\t<div class=\"elementor-spacer\">\n\t\t\t<div class=\"elementor-spacer-inner\"><\/div>\n\t\t<\/div>\n\t\t\t\t\t\t<\/div>\n\t\t\t\t<\/div>\n\t\t\t\t\t<\/div>\n\t\t\t\t<\/div>\n\t\t<div data-q_id=\"#scheda\" class=\"elementor-element elementor-element-bba85e2 e-con-full e-flex parallax_section_no qode_elementor_container_no e-con e-parent\" data-id=\"bba85e2\" data-element_type=\"container\" id=\"scheda\">\n\t\t<div class=\"elementor-element elementor-element-14e6163 e-con-full e-flex parallax_section_no qode_elementor_container_no e-con e-child\" data-id=\"14e6163\" data-element_type=\"container\">\n\t\t\t\t<div class=\"elementor-element elementor-element-d96ee2a elementor-widget elementor-widget-qi_addons_for_elementor_icon_with_text\" data-id=\"d96ee2a\" data-element_type=\"widget\" data-widget_type=\"qi_addons_for_elementor_icon_with_text.default\">\n\t\t\t\t<div class=\"elementor-widget-container\">\n\t\t\t\t\t<div class=\"qodef-shortcode qodef-m qodef-qi-icon-with-text qodef-layout--before-content qodef--icon-pack qodef-column-responsive--never\" >\n\t\t\t<div class=\"qodef-m-icon-wrapper\">\n\t\t\t\t<div class=\"qodef-m-icon-holder\">\n\t\t<svg aria-hidden=\"true\" class=\"e-font-icon-svg e-fas-poll\" viewBox=\"0 0 448 512\" xmlns=\"http:\/\/www.w3.org\/2000\/svg\"><path d=\"M400 32H48C21.5 32 0 53.5 0 80v352c0 26.5 21.5 48 48 48h352c26.5 0 48-21.5 48-48V80c0-26.5-21.5-48-48-48zM160 368c0 8.84-7.16 16-16 16h-32c-8.84 0-16-7.16-16-16V240c0-8.84 7.16-16 16-16h32c8.84 0 16 7.16 16 16v128zm96 0c0 8.84-7.16 16-16 16h-32c-8.84 0-16-7.16-16-16V144c0-8.84 7.16-16 16-16h32c8.84 0 16 7.16 16 16v224zm96 0c0 8.84-7.16 16-16 16h-32c-8.84 0-16-7.16-16-16v-64c0-8.84 7.16-16 16-16h32c8.84 0 16 7.16 16 16v64z\"><\/path><\/svg>\t<\/div>\n\t\t<\/div>\n\t\t<div class=\"qodef-m-content\">\n\t\t\t<h4 class=\"qodef-m-title\">\n\t\t\t\t\t<span class=\"qodef-m-title-text\">FARBE DES STEINS<\/span>\n\t\t\t<\/h4>\n\t\t\t\t\t<div class=\"qodef-m-text\"><p><strong>Die Farbe des Steins ist nur repr\u00e4sentativ und kann, da es sich um Naturstein handelt, je nach Verf\u00fcgbarkeit des Materials variieren.<\/strong><\/p><\/div>\n\t\t\t<\/div>\n<\/div>\n\t\t\t\t<\/div>\n\t\t\t\t<\/div>\n\t\t\t\t<\/div>\n\t\t<div class=\"elementor-element elementor-element-3234773 e-con-full e-flex parallax_section_no qode_elementor_container_no e-con e-child\" data-id=\"3234773\" data-element_type=\"container\">\n\t\t\t\t<div class=\"elementor-element elementor-element-b7fad15 elementor-widget elementor-widget-image\" data-id=\"b7fad15\" data-element_type=\"widget\" data-widget_type=\"image.default\">\n\t\t\t\t<div class=\"elementor-widget-container\">\n\t\t\t\t\t\t\t\t\t\t\t\t\t\t\t<img fetchpriority=\"high\" decoding=\"async\" width=\"1024\" height=\"551\" src=\"https:\/\/www.atiartisticu.com\/wp-content\/uploads\/2025\/05\/colorazione-pietra-atiartisticu-1024x551.jpg\" class=\"attachment-large size-large wp-image-11756\" alt=\"\" srcset=\"https:\/\/www.atiartisticu.com\/wp-content\/uploads\/2025\/05\/colorazione-pietra-atiartisticu-1024x551.jpg 1024w, https:\/\/www.atiartisticu.com\/wp-content\/uploads\/2025\/05\/colorazione-pietra-atiartisticu-600x323.jpg 600w, https:\/\/www.atiartisticu.com\/wp-content\/uploads\/2025\/05\/colorazione-pietra-atiartisticu-300x161.jpg 300w, https:\/\/www.atiartisticu.com\/wp-content\/uploads\/2025\/05\/colorazione-pietra-atiartisticu-768x413.jpg 768w, https:\/\/www.atiartisticu.com\/wp-content\/uploads\/2025\/05\/colorazione-pietra-atiartisticu-1536x826.jpg 1536w, https:\/\/www.atiartisticu.com\/wp-content\/uploads\/2025\/05\/colorazione-pietra-atiartisticu-700x376.jpg 700w, https:\/\/www.atiartisticu.com\/wp-content\/uploads\/2025\/05\/colorazione-pietra-atiartisticu.jpg 1860w\" sizes=\"(max-width: 1024px) 100vw, 1024px\" \/>\t\t\t\t\t\t\t\t\t\t\t\t\t\t\t<\/div>\n\t\t\t\t<\/div>\n\t\t\t\t<\/div>\n\t\t<div class=\"elementor-element elementor-element-e3ed998 e-con-full e-flex parallax_section_no qode_elementor_container_no e-con e-child\" data-id=\"e3ed998\" data-element_type=\"container\">\n\t\t\t\t<div class=\"elementor-element elementor-element-493d685 elementor-widget elementor-widget-qi_addons_for_elementor_icon_with_text\" data-id=\"493d685\" data-element_type=\"widget\" data-widget_type=\"qi_addons_for_elementor_icon_with_text.default\">\n\t\t\t\t<div class=\"elementor-widget-container\">\n\t\t\t\t\t<div class=\"qodef-shortcode qodef-m qodef-qi-icon-with-text qodef-layout--before-content qodef--icon-pack qodef-column-responsive--never\" >\n\t\t\t<div class=\"qodef-m-icon-wrapper\">\n\t\t\t\t<div class=\"qodef-m-icon-holder\">\n\t\t<svg aria-hidden=\"true\" class=\"e-font-icon-svg e-fas-pencil-ruler\" viewBox=\"0 0 512 512\" xmlns=\"http:\/\/www.w3.org\/2000\/svg\"><path d=\"M109.46 244.04l134.58-134.56-44.12-44.12-61.68 61.68a7.919 7.919 0 0 1-11.21 0l-11.21-11.21c-3.1-3.1-3.1-8.12 0-11.21l61.68-61.68-33.64-33.65C131.47-3.1 111.39-3.1 99 9.29L9.29 99c-12.38 12.39-12.39 32.47 0 44.86l100.17 100.18zm388.47-116.8c18.76-18.76 18.75-49.17 0-67.93l-45.25-45.25c-18.76-18.76-49.18-18.76-67.95 0l-46.02 46.01 113.2 113.2 46.02-46.03zM316.08 82.71l-297 296.96L.32 487.11c-2.53 14.49 10.09 27.11 24.59 24.56l107.45-18.84L429.28 195.9 316.08 82.71zm186.63 285.43l-33.64-33.64-61.68 61.68c-3.1 3.1-8.12 3.1-11.21 0l-11.21-11.21c-3.09-3.1-3.09-8.12 0-11.21l61.68-61.68-44.14-44.14L267.93 402.5l100.21 100.2c12.39 12.39 32.47 12.39 44.86 0l89.71-89.7c12.39-12.39 12.39-32.47 0-44.86z\"><\/path><\/svg>\t<\/div>\n\t\t<\/div>\n\t\t<div class=\"qodef-m-content\">\n\t\t\t<h4 class=\"qodef-m-title\">\n\t\t\t\t\t<span class=\"qodef-m-title-text\">ABMESSUNGEN<\/span>\n\t\t\t<\/h4>\n\t\t\t\t\t<div class=\"qodef-m-text\"><p>L 12cm x H 39cm x T 8cm<br \/><strong><br \/><\/strong><strong><em>Die\u00a0Ma\u00dfe\u00a0k\u00f6nnen leicht variieren, da es sich um handgefertigte Unikate handelt.<\/em><\/strong><\/p><\/div>\n\t\t\t<\/div>\n<\/div>\n\t\t\t\t<\/div>\n\t\t\t\t<\/div>\n\t\t\t\t<\/div>\n\t\t<div class=\"elementor-element elementor-element-5e59ef1 e-con-full e-flex parallax_section_no qode_elementor_container_no e-con e-child\" data-id=\"5e59ef1\" data-element_type=\"container\">\n\t\t\t\t<div class=\"elementor-element elementor-element-b1d9ecc elementor-widget elementor-widget-image\" data-id=\"b1d9ecc\" data-element_type=\"widget\" data-widget_type=\"image.default\">\n\t\t\t\t<div class=\"elementor-widget-container\">\n\t\t\t\t\t\t\t\t\t\t\t\t\t\t\t<img decoding=\"async\" width=\"1024\" height=\"551\" src=\"https:\/\/www.atiartisticu.com\/wp-content\/uploads\/2025\/05\/Casetta-trachite-sarda-atiartisticu-G2-dimensioni-1024x551.jpg\" class=\"attachment-large size-large wp-image-11760\" alt=\"\" srcset=\"https:\/\/www.atiartisticu.com\/wp-content\/uploads\/2025\/05\/Casetta-trachite-sarda-atiartisticu-G2-dimensioni-1024x551.jpg 1024w, https:\/\/www.atiartisticu.com\/wp-content\/uploads\/2025\/05\/Casetta-trachite-sarda-atiartisticu-G2-dimensioni-600x323.jpg 600w, https:\/\/www.atiartisticu.com\/wp-content\/uploads\/2025\/05\/Casetta-trachite-sarda-atiartisticu-G2-dimensioni-300x161.jpg 300w, https:\/\/www.atiartisticu.com\/wp-content\/uploads\/2025\/05\/Casetta-trachite-sarda-atiartisticu-G2-dimensioni-768x413.jpg 768w, https:\/\/www.atiartisticu.com\/wp-content\/uploads\/2025\/05\/Casetta-trachite-sarda-atiartisticu-G2-dimensioni-1536x826.jpg 1536w, https:\/\/www.atiartisticu.com\/wp-content\/uploads\/2025\/05\/Casetta-trachite-sarda-atiartisticu-G2-dimensioni-700x376.jpg 700w, https:\/\/www.atiartisticu.com\/wp-content\/uploads\/2025\/05\/Casetta-trachite-sarda-atiartisticu-G2-dimensioni.jpg 1860w\" sizes=\"(max-width: 1024px) 100vw, 1024px\" \/>\t\t\t\t\t\t\t\t\t\t\t\t\t\t\t<\/div>\n\t\t\t\t<\/div>\n\t\t\t\t<\/div>\n\t\t<div class=\"elementor-element elementor-element-e3565f1 e-con-full e-flex parallax_section_no qode_elementor_container_no e-con e-child\" data-id=\"e3565f1\" data-element_type=\"container\">\n\t\t\t\t<div class=\"elementor-element elementor-element-e06e1f7 elementor-widget elementor-widget-qi_addons_for_elementor_icon_with_text\" data-id=\"e06e1f7\" data-element_type=\"widget\" data-widget_type=\"qi_addons_for_elementor_icon_with_text.default\">\n\t\t\t\t<div class=\"elementor-widget-container\">\n\t\t\t\t\t<div class=\"qodef-shortcode qodef-m qodef-qi-icon-with-text qodef-layout--before-content qodef--icon-pack qodef-column-responsive--never\" >\n\t\t\t<div class=\"qodef-m-icon-wrapper\">\n\t\t\t\t<div class=\"qodef-m-icon-holder\">\n\t\t<svg aria-hidden=\"true\" class=\"e-font-icon-svg e-fas-certificate\" viewBox=\"0 0 512 512\" xmlns=\"http:\/\/www.w3.org\/2000\/svg\"><path d=\"M458.622 255.92l45.985-45.005c13.708-12.977 7.316-36.039-10.664-40.339l-62.65-15.99 17.661-62.015c4.991-17.838-11.829-34.663-29.661-29.671l-61.994 17.667-15.984-62.671C337.085.197 313.765-6.276 300.99 7.228L256 53.57 211.011 7.229c-12.63-13.351-36.047-7.234-40.325 10.668l-15.984 62.671-61.995-17.667C74.87 57.907 58.056 74.738 63.046 92.572l17.661 62.015-62.65 15.99C.069 174.878-6.31 197.944 7.392 210.915l45.985 45.005-45.985 45.004c-13.708 12.977-7.316 36.039 10.664 40.339l62.65 15.99-17.661 62.015c-4.991 17.838 11.829 34.663 29.661 29.671l61.994-17.667 15.984 62.671c4.439 18.575 27.696 24.018 40.325 10.668L256 458.61l44.989 46.001c12.5 13.488 35.987 7.486 40.325-10.668l15.984-62.671 61.994 17.667c17.836 4.994 34.651-11.837 29.661-29.671l-17.661-62.015 62.65-15.99c17.987-4.302 24.366-27.367 10.664-40.339l-45.984-45.004z\"><\/path><\/svg>\t<\/div>\n\t\t<\/div>\n\t\t<div class=\"qodef-m-content\">\n\t\t\t<h4 class=\"qodef-m-title\">\n\t\t\t\t\t<span class=\"qodef-m-title-text\">SILBERDETAILS<\/span>\n\t\t\t<\/h4>\n\t\t\t\t\t<div class=\"qodef-m-text\"><div><strong><span style=\"font-size: large\">Die Silberdetails k\u00f6nnen je nach Verf\u00fcgbarkeit leicht von der Abbildung abweichen.<\/span><\/strong><\/div><div>\u00a0<\/div><div><span style=\"font-size: large\">Mit der Zeit k\u00f6nnen die Silberdetails durch Witterungseinfl\u00fcsse eine nat\u00fcrliche Patina entwickeln. Um ihren Glanz zu erhalten, gen\u00fcgt es, sie gelegentlich mit einem weichen, leicht mit Alkohol befeuchteten Tuch zu r<\/span><span style=\"font-size: large\">einigen<\/span><span style=\"font-size: large\">.<\/span><\/div><\/div>\n\t\t\t<\/div>\n<\/div>\n\t\t\t\t<\/div>\n\t\t\t\t<\/div>\n\t\t\t\t<\/div>\n\t\t<div class=\"elementor-element elementor-element-f6e0691 e-con-full e-flex parallax_section_no qode_elementor_container_no e-con e-child\" data-id=\"f6e0691\" data-element_type=\"container\">\n\t\t\t\t<div class=\"elementor-element elementor-element-cd959c8 elementor-widget elementor-widget-image\" data-id=\"cd959c8\" data-element_type=\"widget\" data-widget_type=\"image.default\">\n\t\t\t\t<div class=\"elementor-widget-container\">\n\t\t\t\t\t\t\t\t\t\t\t\t\t\t\t<img decoding=\"async\" width=\"1024\" height=\"551\" src=\"https:\/\/www.atiartisticu.com\/wp-content\/uploads\/2025\/05\/inserto-argento-atiartisticu-SerieG-1024x551.jpg\" class=\"attachment-large size-large wp-image-11759\" alt=\"\" srcset=\"https:\/\/www.atiartisticu.com\/wp-content\/uploads\/2025\/05\/inserto-argento-atiartisticu-SerieG-1024x551.jpg 1024w, https:\/\/www.atiartisticu.com\/wp-content\/uploads\/2025\/05\/inserto-argento-atiartisticu-SerieG-600x323.jpg 600w, https:\/\/www.atiartisticu.com\/wp-content\/uploads\/2025\/05\/inserto-argento-atiartisticu-SerieG-300x161.jpg 300w, https:\/\/www.atiartisticu.com\/wp-content\/uploads\/2025\/05\/inserto-argento-atiartisticu-SerieG-768x413.jpg 768w, https:\/\/www.atiartisticu.com\/wp-content\/uploads\/2025\/05\/inserto-argento-atiartisticu-SerieG-1536x826.jpg 1536w, https:\/\/www.atiartisticu.com\/wp-content\/uploads\/2025\/05\/inserto-argento-atiartisticu-SerieG-700x376.jpg 700w, https:\/\/www.atiartisticu.com\/wp-content\/uploads\/2025\/05\/inserto-argento-atiartisticu-SerieG.jpg 1860w\" sizes=\"(max-width: 1024px) 100vw, 1024px\" \/>\t\t\t\t\t\t\t\t\t\t\t\t\t\t\t<\/div>\n\t\t\t\t<\/div>\n\t\t\t\t<\/div>\n\t\t\t\t<\/div>\n\t\t<div class=\"elementor-element elementor-element-e719e90 e-con-full e-flex parallax_section_no qode_elementor_container_no e-con e-parent\" data-id=\"e719e90\" data-element_type=\"container\">\n\t\t\t\t<div class=\"elementor-element elementor-element-9e29a7e elementor-widget elementor-widget-spacer\" data-id=\"9e29a7e\" data-element_type=\"widget\" data-widget_type=\"spacer.default\">\n\t\t\t\t<div class=\"elementor-widget-container\">\n\t\t\t\t\t\t\t<div class=\"elementor-spacer\">\n\t\t\t<div class=\"elementor-spacer-inner\"><\/div>\n\t\t<\/div>\n\t\t\t\t\t\t<\/div>\n\t\t\t\t<\/div>\n\t\t\t\t<div class=\"elementor-element elementor-element-464e6fc elementor-widget elementor-widget-heading\" data-id=\"464e6fc\" data-element_type=\"widget\" data-widget_type=\"heading.default\">\n\t\t\t\t<div class=\"elementor-widget-container\">\n\t\t\t\t\t<h4 class=\"elementor-heading-title elementor-size-default\">MASSGESCHNEIDERTER SERVICE<\/h4>\t\t\t\t<\/div>\n\t\t\t\t<\/div>\n\t\t\t\t<div class=\"elementor-element elementor-element-271f189 elementor-widget elementor-widget-text-editor\" data-id=\"271f189\" data-element_type=\"widget\" data-widget_type=\"text-editor.default\">\n\t\t\t\t<div class=\"elementor-widget-container\">\n\t\t\t\t\t\t\t\t\t<p>F\u00fcr spezielle W\u00fcnsche kontaktieren Sie uns bitte direkt. Wir werden versuchen, Ihren Bed\u00fcrfnissen entgegenzukommen und eine L\u00f6sung zu finden, die Sie zufriedenstellt.<br>\n  <strong>Dieser Service kann zus\u00e4tzliche Kosten verursachen.<\/strong>\n<\/p>\t\t\t\t\t\t\t\t<\/div>\n\t\t\t\t<\/div>\n\t\t\t\t<\/div>\n\t\t\t\t<\/div>\n\t\t","protected":false},"excerpt":{"rendered":"<p>Ideal zur Dekoration von G\u00e4rten, Terrassen oder Wohnr\u00e4umen.<\/p>\n<p>Da es sich um volumin\u00f6se und schwere H\u00e4uschen handelt, wird empfohlen, nach dem Kauf auf eine sorgf\u00e4ltige Aufstellung zu achten.<\/p>\n<p><a style=\"text-decoration: underline !important\" href=\"#scheda\"><br \/>\n<strong>Lesen Sie das technische Datenblatt<\/strong><br \/>\n<\/a><\/p>\n","protected":false},"featured_media":13607,"template":"","meta":[],"product_brand":[],"product_cat":[108],"product_tag":[],"class_list":{"0":"post-11927","1":"product","2":"type-product","3":"status-publish","4":"has-post-thumbnail","6":"product_cat-linie-g","8":"first","9":"instock","10":"taxable","11":"shipping-taxable","12":"purchasable","13":"product-type-simple"},"yoast_head":"<!-- This site is optimized with the Yoast SEO plugin v26.2 - https:\/\/yoast.com\/wordpress\/plugins\/seo\/ -->\n<title>Gro\u00dfes Trachyt-H\u00e4uschen mit zwei Fenstern und Silberdetail G2 - Atiartisticu<\/title>\n<meta name=\"robots\" content=\"index, follow, max-snippet:-1, max-image-preview:large, max-video-preview:-1\" \/>\n<link rel=\"canonical\" href=\"https:\/\/www.atiartisticu.com\/de\/prodotto\/grosses-trachyt-haeuschen-mit-zwei-fenstern-und-silbereinsatz-art-g2\/\" \/>\n<meta property=\"og:locale\" content=\"de_DE\" \/>\n<meta property=\"og:type\" content=\"article\" \/>\n<meta property=\"og:title\" content=\"Gro\u00dfes Trachyt-H\u00e4uschen mit zwei Fenstern und Silberdetail G2 - Atiartisticu\" \/>\n<meta property=\"og:description\" content=\"Ideal zur Dekoration von G\u00e4rten, Terrassen oder Wohnr\u00e4umen.  Da es sich um volumin\u00f6se und schwere H\u00e4uschen handelt, wird empfohlen, nach dem Kauf auf eine sorgf\u00e4ltige Aufstellung zu achten.   Lesen Sie das technische Datenblatt\" \/>\n<meta property=\"og:url\" content=\"https:\/\/www.atiartisticu.com\/de\/prodotto\/grosses-trachyt-haeuschen-mit-zwei-fenstern-und-silbereinsatz-art-g2\/\" \/>\n<meta property=\"og:site_name\" content=\"Atiartisticu\" \/>\n<meta property=\"article:modified_time\" content=\"2025-11-13T10:05:06+00:00\" \/>\n<meta property=\"og:image\" content=\"https:\/\/www.atiartisticu.com\/wp-content\/uploads\/2025\/05\/Casetta-trachite-sarda-atiartisticu-G2.jpg\" \/>\n\t<meta property=\"og:image:width\" content=\"1000\" \/>\n\t<meta property=\"og:image:height\" content=\"1000\" \/>\n\t<meta property=\"og:image:type\" content=\"image\/jpeg\" \/>\n<meta name=\"twitter:card\" content=\"summary_large_image\" \/>\n<meta name=\"twitter:label1\" content=\"Gesch\u00e4tzte Lesezeit\" \/>\n\t<meta name=\"twitter:data1\" content=\"2\u00a0Minuten\" \/>\n<script type=\"application\/ld+json\" class=\"yoast-schema-graph\">{\"@context\":\"https:\/\/schema.org\",\"@graph\":[{\"@type\":\"WebPage\",\"@id\":\"https:\/\/www.atiartisticu.com\/de\/prodotto\/grosses-trachyt-haeuschen-mit-zwei-fenstern-und-silbereinsatz-art-g2\/\",\"url\":\"https:\/\/www.atiartisticu.com\/de\/prodotto\/grosses-trachyt-haeuschen-mit-zwei-fenstern-und-silbereinsatz-art-g2\/\",\"name\":\"Gro\u00dfes Trachyt-H\u00e4uschen mit zwei Fenstern und Silberdetail G2 - Atiartisticu\",\"isPartOf\":{\"@id\":\"https:\/\/www.atiartisticu.com\/de\/#website\"},\"primaryImageOfPage\":{\"@id\":\"https:\/\/www.atiartisticu.com\/de\/prodotto\/grosses-trachyt-haeuschen-mit-zwei-fenstern-und-silbereinsatz-art-g2\/#primaryimage\"},\"image\":{\"@id\":\"https:\/\/www.atiartisticu.com\/de\/prodotto\/grosses-trachyt-haeuschen-mit-zwei-fenstern-und-silbereinsatz-art-g2\/#primaryimage\"},\"thumbnailUrl\":\"https:\/\/www.atiartisticu.com\/wp-content\/uploads\/2025\/05\/Casetta-trachite-sarda-atiartisticu-G2.jpg\",\"datePublished\":\"2025-05-08T13:33:18+00:00\",\"dateModified\":\"2025-11-13T10:05:06+00:00\",\"breadcrumb\":{\"@id\":\"https:\/\/www.atiartisticu.com\/de\/prodotto\/grosses-trachyt-haeuschen-mit-zwei-fenstern-und-silbereinsatz-art-g2\/#breadcrumb\"},\"inLanguage\":\"de\",\"potentialAction\":[{\"@type\":\"ReadAction\",\"target\":[\"https:\/\/www.atiartisticu.com\/de\/prodotto\/grosses-trachyt-haeuschen-mit-zwei-fenstern-und-silbereinsatz-art-g2\/\"]}]},{\"@type\":\"ImageObject\",\"inLanguage\":\"de\",\"@id\":\"https:\/\/www.atiartisticu.com\/de\/prodotto\/grosses-trachyt-haeuschen-mit-zwei-fenstern-und-silbereinsatz-art-g2\/#primaryimage\",\"url\":\"https:\/\/www.atiartisticu.com\/wp-content\/uploads\/2025\/05\/Casetta-trachite-sarda-atiartisticu-G2.jpg\",\"contentUrl\":\"https:\/\/www.atiartisticu.com\/wp-content\/uploads\/2025\/05\/Casetta-trachite-sarda-atiartisticu-G2.jpg\",\"width\":1000,\"height\":1000,\"caption\":\"Casetta in trachite e argento\"},{\"@type\":\"BreadcrumbList\",\"@id\":\"https:\/\/www.atiartisticu.com\/de\/prodotto\/grosses-trachyt-haeuschen-mit-zwei-fenstern-und-silbereinsatz-art-g2\/#breadcrumb\",\"itemListElement\":[{\"@type\":\"ListItem\",\"position\":1,\"name\":\"Home\",\"item\":\"https:\/\/www.atiartisticu.com\/de\/\"},{\"@type\":\"ListItem\",\"position\":2,\"name\":\"Shop\",\"item\":\"https:\/\/www.atiartisticu.com\/de\/shop\/\"},{\"@type\":\"ListItem\",\"position\":3,\"name\":\"Gro\u00dfes Trachyt-H\u00e4uschen mit zwei Fenstern und Silberdetail G2\"}]},{\"@type\":\"WebSite\",\"@id\":\"https:\/\/www.atiartisticu.com\/de\/#website\",\"url\":\"https:\/\/www.atiartisticu.com\/de\/\",\"name\":\"Atiartisticu\",\"description\":\"\",\"potentialAction\":[{\"@type\":\"SearchAction\",\"target\":{\"@type\":\"EntryPoint\",\"urlTemplate\":\"https:\/\/www.atiartisticu.com\/de\/?s={search_term_string}\"},\"query-input\":{\"@type\":\"PropertyValueSpecification\",\"valueRequired\":true,\"valueName\":\"search_term_string\"}}],\"inLanguage\":\"de\"}]}<\/script>\n<!-- \/ Yoast SEO plugin. -->","yoast_head_json":{"title":"Gro\u00dfes Trachyt-H\u00e4uschen mit zwei Fenstern und Silberdetail G2 - Atiartisticu","robots":{"index":"index","follow":"follow","max-snippet":"max-snippet:-1","max-image-preview":"max-image-preview:large","max-video-preview":"max-video-preview:-1"},"canonical":"https:\/\/www.atiartisticu.com\/de\/prodotto\/grosses-trachyt-haeuschen-mit-zwei-fenstern-und-silbereinsatz-art-g2\/","og_locale":"de_DE","og_type":"article","og_title":"Gro\u00dfes Trachyt-H\u00e4uschen mit zwei Fenstern und Silberdetail G2 - Atiartisticu","og_description":"Ideal zur Dekoration von G\u00e4rten, Terrassen oder Wohnr\u00e4umen.  Da es sich um volumin\u00f6se und schwere H\u00e4uschen handelt, wird empfohlen, nach dem Kauf auf eine sorgf\u00e4ltige Aufstellung zu achten.   Lesen Sie das technische Datenblatt","og_url":"https:\/\/www.atiartisticu.com\/de\/prodotto\/grosses-trachyt-haeuschen-mit-zwei-fenstern-und-silbereinsatz-art-g2\/","og_site_name":"Atiartisticu","article_modified_time":"2025-11-13T10:05:06+00:00","og_image":[{"width":1000,"height":1000,"url":"https:\/\/www.atiartisticu.com\/wp-content\/uploads\/2025\/05\/Casetta-trachite-sarda-atiartisticu-G2.jpg","type":"image\/jpeg"}],"twitter_card":"summary_large_image","twitter_misc":{"Gesch\u00e4tzte Lesezeit":"2\u00a0Minuten"},"schema":{"@context":"https:\/\/schema.org","@graph":[{"@type":"WebPage","@id":"https:\/\/www.atiartisticu.com\/de\/prodotto\/grosses-trachyt-haeuschen-mit-zwei-fenstern-und-silbereinsatz-art-g2\/","url":"https:\/\/www.atiartisticu.com\/de\/prodotto\/grosses-trachyt-haeuschen-mit-zwei-fenstern-und-silbereinsatz-art-g2\/","name":"Gro\u00dfes Trachyt-H\u00e4uschen mit zwei Fenstern und Silberdetail G2 - Atiartisticu","isPartOf":{"@id":"https:\/\/www.atiartisticu.com\/de\/#website"},"primaryImageOfPage":{"@id":"https:\/\/www.atiartisticu.com\/de\/prodotto\/grosses-trachyt-haeuschen-mit-zwei-fenstern-und-silbereinsatz-art-g2\/#primaryimage"},"image":{"@id":"https:\/\/www.atiartisticu.com\/de\/prodotto\/grosses-trachyt-haeuschen-mit-zwei-fenstern-und-silbereinsatz-art-g2\/#primaryimage"},"thumbnailUrl":"https:\/\/www.atiartisticu.com\/wp-content\/uploads\/2025\/05\/Casetta-trachite-sarda-atiartisticu-G2.jpg","datePublished":"2025-05-08T13:33:18+00:00","dateModified":"2025-11-13T10:05:06+00:00","breadcrumb":{"@id":"https:\/\/www.atiartisticu.com\/de\/prodotto\/grosses-trachyt-haeuschen-mit-zwei-fenstern-und-silbereinsatz-art-g2\/#breadcrumb"},"inLanguage":"de","potentialAction":[{"@type":"ReadAction","target":["https:\/\/www.atiartisticu.com\/de\/prodotto\/grosses-trachyt-haeuschen-mit-zwei-fenstern-und-silbereinsatz-art-g2\/"]}]},{"@type":"ImageObject","inLanguage":"de","@id":"https:\/\/www.atiartisticu.com\/de\/prodotto\/grosses-trachyt-haeuschen-mit-zwei-fenstern-und-silbereinsatz-art-g2\/#primaryimage","url":"https:\/\/www.atiartisticu.com\/wp-content\/uploads\/2025\/05\/Casetta-trachite-sarda-atiartisticu-G2.jpg","contentUrl":"https:\/\/www.atiartisticu.com\/wp-content\/uploads\/2025\/05\/Casetta-trachite-sarda-atiartisticu-G2.jpg","width":1000,"height":1000,"caption":"Casetta in trachite e argento"},{"@type":"BreadcrumbList","@id":"https:\/\/www.atiartisticu.com\/de\/prodotto\/grosses-trachyt-haeuschen-mit-zwei-fenstern-und-silbereinsatz-art-g2\/#breadcrumb","itemListElement":[{"@type":"ListItem","position":1,"name":"Home","item":"https:\/\/www.atiartisticu.com\/de\/"},{"@type":"ListItem","position":2,"name":"Shop","item":"https:\/\/www.atiartisticu.com\/de\/shop\/"},{"@type":"ListItem","position":3,"name":"Gro\u00dfes Trachyt-H\u00e4uschen mit zwei Fenstern und Silberdetail G2"}]},{"@type":"WebSite","@id":"https:\/\/www.atiartisticu.com\/de\/#website","url":"https:\/\/www.atiartisticu.com\/de\/","name":"Atiartisticu","description":"","potentialAction":[{"@type":"SearchAction","target":{"@type":"EntryPoint","urlTemplate":"https:\/\/www.atiartisticu.com\/de\/?s={search_term_string}"},"query-input":{"@type":"PropertyValueSpecification","valueRequired":true,"valueName":"search_term_string"}}],"inLanguage":"de"}]}},"_links":{"self":[{"href":"https:\/\/www.atiartisticu.com\/de\/wp-json\/wp\/v2\/product\/11927","targetHints":{"allow":["GET"]}}],"collection":[{"href":"https:\/\/www.atiartisticu.com\/de\/wp-json\/wp\/v2\/product"}],"about":[{"href":"https:\/\/www.atiartisticu.com\/de\/wp-json\/wp\/v2\/types\/product"}],"version-history":[{"count":11,"href":"https:\/\/www.atiartisticu.com\/de\/wp-json\/wp\/v2\/product\/11927\/revisions"}],"predecessor-version":[{"id":14139,"href":"https:\/\/www.atiartisticu.com\/de\/wp-json\/wp\/v2\/product\/11927\/revisions\/14139"}],"wp:featuredmedia":[{"embeddable":true,"href":"https:\/\/www.atiartisticu.com\/de\/wp-json\/wp\/v2\/media\/13607"}],"wp:attachment":[{"href":"https:\/\/www.atiartisticu.com\/de\/wp-json\/wp\/v2\/media?parent=11927"}],"wp:term":[{"taxonomy":"product_brand","embeddable":true,"href":"https:\/\/www.atiartisticu.com\/de\/wp-json\/wp\/v2\/product_brand?post=11927"},{"taxonomy":"product_cat","embeddable":true,"href":"https:\/\/www.atiartisticu.com\/de\/wp-json\/wp\/v2\/product_cat?post=11927"},{"taxonomy":"product_tag","embeddable":true,"href":"https:\/\/www.atiartisticu.com\/de\/wp-json\/wp\/v2\/product_tag?post=11927"}],"curies":[{"name":"wp","href":"https:\/\/api.w.org\/{rel}","templated":true}]}}